{"id":13988,"date":"2025-10-31T20:36:38","date_gmt":"2025-10-31T18:36:38","guid":{"rendered":"https:\/\/shop.hoiamed.ee\/product\/60-postmenopaus-femarelle-unstoppable-toidulisand-n56\/"},"modified":"2025-11-18T22:33:18","modified_gmt":"2025-11-18T20:33:18","slug":"60-postmenopaus-femarelle-unstoppable-toidulisand-n56","status":"publish","type":"product","link":"https:\/\/shop.hoiamed.ee\/ru\/product\/60-postmenopaus-femarelle-unstoppable-toidulisand-n56\/","title":{"rendered":"60+ \u041f\u043e\u0441\u0442\u043c\u0435\u043d\u043e\u043f\u0430\u0443\u0437\u0430 Femarelle\u00ae Unstoppable \u2014 \u0431\u0438\u043e\u043b\u043e\u0433\u0438\u0447\u0435\u0441\u043a\u0438 \u0430\u043a\u0442\u0438\u0432\u043d\u0430\u044f \u0434\u043e\u0431\u0430\u0432\u043a\u0430 \u0434\u043b\u044f \u0436\u0435\u043d\u0449\u0438\u043d 60+"},"content":{"rendered":"<p data-start=\"159\" data-end=\"379\"><span style=\"font-size: 14px;\">Femarelle\u00ae Unstoppable \u2014 \u0442\u0432\u043e\u0439 \u0438\u0441\u0442\u043e\u0447\u043d\u0438\u043a \u0441\u0438\u043b\u044b \u0438 \u0436\u0438\u0437\u043d\u0435\u043d\u043d\u043e\u0439 \u044d\u043d\u0435\u0440\u0433\u0438\u0438 \u0432 \u043f\u043e\u0441\u0442\u043c\u0435\u043d\u043e\u043f\u0430\u0443\u0437\u0435.<\/span><br data-start=\"238\" data-end=\"241\" \/><span style=\"font-size: 14px;\">\u0421\u043e\u0434\u0435\u0440\u0436\u0438\u0442 <strong data-start=\"159\" data-end=\"185\">\u0441<strong data-start=\"269\" data-end=\"282\"><strong data-start=\"284\" data-end=\"296\"><strong data-start=\"302\" data-end=\"324\">\u043e\u0435\u0432\u044b\u0439 \u044d\u043a\u0441\u0442\u0440\u0430\u043a\u0442, \u043a\u0430\u043b\u044c\u0446\u0438\u0439, \u0431\u0438\u043e\u0442\u0438<\/strong><\/strong><\/strong>\u043d,<\/strong> \u0430 \u0442\u0430\u043a\u0436\u0435 \u0432\u0438\u0442\u0430\u043c\u0438\u043d\u044b D \u0438 B2, \u043a\u043e\u0442\u043e\u0440\u044b\u0435 \u043f\u043e\u043c\u043e\u0433\u0430\u044e\u0442 \u043f\u043e\u0434\u0434\u0435\u0440\u0436\u0438\u0432\u0430\u0442\u044c \u0431\u0430\u043b\u0430\u043d\u0441 \u043e\u0440\u0433\u0430\u043d\u0438\u0437\u043c\u0430 \u0438 \u044f\u0441\u043d\u043e\u0441\u0442\u044c \u0443\u043c\u0430.<\/span><\/p>\n<ul>\n<li data-start=\"381\" data-end=\"631\"><span style=\"font-size: 14px;\"><strong data-start=\"381\" data-end=\"393\">\u041a\u0430\u043b\u044c\u0446\u0438\u0439 \u0438 \u0432\u0438\u0442\u0430\u043c\u0438\u043d D<\/strong> \u043f\u043e\u0434\u0434\u0435\u0440\u0436\u0438\u0432\u0430\u044e\u0442 \u0437\u0434\u043e\u0440\u043e\u0432\u044c\u0435 \u043a\u043e\u0441\u0442\u0435\u0439 \u0438 \u043c\u044b\u0448\u0446, \u0441\u043f\u043e\u0441\u043e\u0431\u0441\u0442\u0432\u0443\u044f \u0441\u043e\u0445\u0440\u0430\u043d\u0435\u043d\u0438\u044e \u043f\u043e\u0434\u0432\u0438\u0436\u043d\u043e\u0441\u0442\u0438 \u0438 \u0436\u0438\u0437\u043d\u0435\u043d\u043d\u043e\u0439 \u044d\u043d\u0435\u0440\u0433\u0438\u0438.<\/span><\/li>\n<li data-start=\"381\" data-end=\"631\"><span style=\"font-size: 14px;\"><strong data-start=\"397\" data-end=\"411\">\u0412\u0438\u0442\u0430\u043c\u0438\u043d B2 <\/strong>\u043f\u043e\u043c\u043e\u0433\u0430\u0435\u0442 \u0443\u043c\u0435\u043d\u044c\u0448\u0438\u0442\u044c \u0443\u0441\u0442\u0430\u043b\u043e\u0441\u0442\u044c \u0438 \u043f\u043e\u0434\u0434\u0435\u0440\u0436\u0438\u0432\u0430\u0435\u0442 \u0435\u0441\u0442\u0435\u0441\u0442\u0432\u0435\u043d\u043d\u043e\u0435 \u0441\u0438\u044f\u043d\u0438\u0435 \u043a\u043e\u0436\u0438.<\/span><\/li>\n<li data-start=\"381\" data-end=\"631\"><span style=\"font-size: 14px;\"><strong data-start=\"124\" data-end=\"147\"><strong data-start=\"571\" data-end=\"582\">\u0411\u0438\u043e\u0442\u0438\u043d <\/strong><\/strong>\u0441\u043f\u043e\u0441\u043e\u0431\u0441\u0442\u0432\u0443\u0435\u0442 \u0437\u0434\u043e\u0440\u043e\u0432\u044c\u044e \u0432\u043e\u043b\u043e\u0441, \u043a\u043e\u0436\u0438 \u0438 \u043e\u0431\u0449\u0435\u043c\u0443 \u0441\u0430\u043c\u043e\u0447\u0443\u0432\u0441\u0442\u0432\u0438\u044e.<\/span><\/li>\n<\/ul>\n<p data-start=\"633\" data-end=\"715\"><span style=\"font-size: 14px;\"><em data-start=\"633\" data-end=\"713\">Femarelle\u00ae Unstoppable \u2014 \u043f\u043e\u0442\u043e\u043c\u0443 \u0447\u0442\u043e \u0442\u044b \u0441\u043e\u0437\u0434\u0430\u043d\u0430, \u0447\u0442\u043e\u0431\u044b \u0434\u0432\u0438\u0433\u0430\u0442\u044c\u0441\u044f \u0432\u043f\u0435\u0440\u0451\u0434 \u0438 \u0441\u0438\u044f\u0442\u044c \u043d\u0430 \u043a\u0430\u0436\u0434\u043e\u043c \u044d\u0442\u0430\u043f\u0435 \u0436\u0438\u0437\u043d\u0438.<\/em><\/span><\/p>\n","protected":false},"excerpt":{"rendered":"<p data-start=\"71\" data-end=\"306\"><span style=\"font-size: 14px;\">Femarelle\u00ae Unstoppable \u2014 \u043d\u0430\u0434\u0451\u0436\u043d\u0430\u044f \u043f\u043e\u0434\u0434\u0435\u0440\u0436\u043a\u0430 \u0434\u043b\u044f \u0436\u0435\u043d\u0449\u0438\u043d \u043f\u043e\u0441\u043b\u0435 \u043c\u0435\u043d\u043e\u043f\u0430\u0443\u0437\u044b.<\/span><br data-start=\"138\" data-end=\"141\" \/><span style=\"font-size: 14px;\">\u042d\u0442\u043e\u0442 \u0443\u043d\u0438\u043a\u0430\u043b\u044c\u043d\u044b\u0439 \u043a\u043e\u043c\u043f\u043b\u0435\u043a\u0441 \u043f\u043e\u043c\u043e\u0433\u0430\u0435\u0442 \u043f\u043e\u0434\u0434\u0435\u0440\u0436\u0438\u0432\u0430\u0442\u044c \u0437\u0434\u043e\u0440\u043e\u0432\u044c\u0435 <strong data-start=\"184\" data-end=\"222\">\u043a\u043e\u0441\u0442\u0435\u0439, \u0441\u0443\u0441\u0442\u0430\u0432\u043e\u0432 \u0438 \u043c\u044b\u0448\u0446, <\/strong>\u0441\u043f\u043e\u0441\u043e\u0431\u0441\u0442\u0432\u0443\u0435\u0442 <strong data-start=\"231\" data-end=\"257\">\u043a\u043e\u043c\u0444\u043e\u0440\u0442\u0443 \u0438\u043d\u0442\u0438\u043c\u043d\u043e\u0439 \u0437\u043e\u043d\u044b,<\/strong> \u0430 \u0442\u0430\u043a\u0436\u0435 \u043f\u043e\u043c\u043e\u0433\u0430\u0435\u0442 \u0441\u043e\u0445\u0440\u0430\u043d\u044f\u0442\u044c <strong>\u0443\u0440\u043e\u0432\u0435\u043d\u044c \u044d\u043d\u0435\u0440\u0433\u0438\u0438 \u0438 \u0436\u0438\u0437\u043d\u0435\u043d\u043d\u044b\u0439 \u0442\u043e\u043d\u0443\u0441.<\/strong><\/span><\/p>\n<p data-start=\"308\" data-end=\"540\"><span style=\"font-size: 14px;\"><strong data-start=\"71\" data-end=\"97\">Femarelle\u00ae Unstoppable <\/strong>\u2014 \u0438\u0434\u0435\u0430\u043b\u044c\u043d\u044b\u0439 \u0432\u044b\u0431\u043e\u0440 \u0434\u043b\u044f \u0436\u0435\u043d\u0449\u0438\u043d, \u043a\u043e\u0442\u043e\u0440\u044b\u0445 \u0431\u0435\u0441\u043f\u043e\u043a\u043e\u044f\u0442: <\/span><\/p>\n<ul>\n<li data-start=\"308\" data-end=\"540\"><span style=\"font-size: 14px;\">\u0445\u0440\u0443\u043f\u043a\u043e\u0441\u0442\u044c \u043a\u043e\u0441\u0442\u0435\u0439<\/span><\/li>\n<li data-start=\"308\" data-end=\"540\"><span style=\"font-size: 14px;\">\u0441\u0443\u0445\u043e\u0441\u0442\u044c \u0432\u043b\u0430\u0433\u0430\u043b\u0438\u0449\u0430<\/span><\/li>\n<li data-start=\"308\" data-end=\"540\"><span style=\"font-size: 14px;\">korduvad tupe- v\u00f5i kuseteede p\u00f5letikud v\u00f5i <\/span><\/li>\n<li data-start=\"308\" data-end=\"540\"><span style=\"font-size: 14px;\">\u0431\u043e\u043b\u0438 \u0432 \u0441\u0443\u0441\u0442\u0430\u0432\u0430\u0445 \u0438 \u043c\u044b\u0448\u0446\u0430\u0445.<\/span><\/li>\n<\/ul>\n<p><span style=\"font-size: 14px;\"><em data-start=\"441\" data-end=\"538\">Femarelle\u00ae Unstoppable \u043f\u043e\u043c\u043e\u0433\u0430\u0435\u0442 \u0441\u043d\u043e\u0432\u0430 \u0447\u0443\u0432\u0441\u0442\u0432\u043e\u0432\u0430\u0442\u044c \u0441\u0435\u0431\u044f \u0441\u0438\u043b\u044c\u043d\u043e\u0439, \u0443\u0440\u0430\u0432\u043d\u043e\u0432\u0435\u0448\u0435\u043d\u043d\u043e\u0439 \u0438 \u043f\u043e\u043b\u043d\u043e\u0439 \u0436\u0438\u0437\u043d\u0435\u043d\u043d\u043e\u0439 \u044d\u043d\u0435\u0440\u0433\u0438\u0438 \u2014 \u043a\u0430\u0436\u0434\u044b\u0439 \u0434\u0435\u043d\u044c.<\/em><\/span><\/p>\n","protected":false},"featured_media":13817,"comment_status":"open","ping_status":"closed","template":"","meta":[],"product_brand":[],"product_cat":[244],"product_tag":[],"class_list":{"0":"post-13988","1":"product","2":"type-product","3":"status-publish","4":"has-post-thumbnail","6":"product_cat-244","8":"first","9":"instock","10":"sale","11":"taxable","12":"shipping-taxable","13":"purchasable","14":"product-type-simple"},"yoast_head":"<!-- This site is optimized with the Yoast SEO plugin v27.4 - https:\/\/yoast.com\/product\/yoast-seo-wordpress\/ -->\n<title>60+ \u041f\u043e\u0441\u0442\u043c\u0435\u043d\u043e\u043f\u0430\u0443\u0437\u0430 Femarelle\u00ae Unstoppable \u2014 \u0431\u0438\u043e\u043b\u043e\u0433\u0438\u0447\u0435\u0441\u043a\u0438 \u0430\u043a\u0442\u0438\u0432\u043d\u0430\u044f \u0434\u043e\u0431\u0430\u0432\u043a\u0430 \u0434\u043b\u044f \u0436\u0435\u043d\u0449\u0438\u043d 60+ - Hoiamed<\/title>\n<meta name=\"description\" content=\"Femarelle\u00ae Unstoppable \u0434\u043b\u044f \u0436\u0435\u043d\u0449\u0438\u043d \u0432 \u043f\u043e\u0441\u0442\u043c\u0435\u043d\u043e\u043f\u0430\u0443\u0437\u0435 \u043f\u0440\u0438 \u0445\u0440\u0443\u043f\u043a\u043e\u0441\u0442\u0438 \u043a\u043e\u0441\u0442\u0435\u0439, \u0441\u0443\u0445\u043e\u0441\u0442\u0438 \u0432\u043b\u0430\u0433\u0430\u043b\u0438\u0449\u0430, \u0431\u043e\u043b\u044f\u0445 \u0432 \u0441\u0443\u0441\u0442\u0430\u0432\u0430\u0445 \u0438 \u043c\u044b\u0448\u0446\u0430\u0445, \u0430 \u0442\u0430\u043a\u0436\u0435 \u0447\u0430\u0441\u0442\u044b\u0445 \u0432\u043e\u0441\u043f\u0430\u043b\u0435\u043d\u0438\u044f\u0445 \u043c\u043e\u0447\u0435\u043f\u043e\u043b\u043e\u0432\u043e\u0439 \u0441\u0438\u0441\u0442\u0435\u043c\u044b.\" \/>\n<meta name=\"robots\" content=\"index, follow, max-snippet:-1, max-image-preview:large, max-video-preview:-1\" \/>\n<link rel=\"canonical\" href=\"https:\/\/shop.hoiamed.ee\/toode\/60-postmenopaus-femarelle-unstoppable-toidulisand-n56\/\" \/>\n<meta property=\"og:locale\" content=\"ru_RU\" \/>\n<meta property=\"og:type\" content=\"article\" \/>\n<meta property=\"og:title\" content=\"60+ \u041f\u043e\u0441\u0442\u043c\u0435\u043d\u043e\u043f\u0430\u0443\u0437\u0430 Femarelle\u00ae Unstoppable \u2014 \u0431\u0438\u043e\u043b\u043e\u0433\u0438\u0447\u0435\u0441\u043a\u0438 \u0430\u043a\u0442\u0438\u0432\u043d\u0430\u044f \u0434\u043e\u0431\u0430\u0432\u043a\u0430 \u0434\u043b\u044f \u0436\u0435\u043d\u0449\u0438\u043d 60+ - Hoiamed\" \/>\n<meta property=\"og:description\" content=\"Femarelle\u00ae Unstoppable \u0434\u043b\u044f \u0436\u0435\u043d\u0449\u0438\u043d \u0432 \u043f\u043e\u0441\u0442\u043c\u0435\u043d\u043e\u043f\u0430\u0443\u0437\u0435 \u043f\u0440\u0438 \u0445\u0440\u0443\u043f\u043a\u043e\u0441\u0442\u0438 \u043a\u043e\u0441\u0442\u0435\u0439, \u0441\u0443\u0445\u043e\u0441\u0442\u0438 \u0432\u043b\u0430\u0433\u0430\u043b\u0438\u0449\u0430, \u0431\u043e\u043b\u044f\u0445 \u0432 \u0441\u0443\u0441\u0442\u0430\u0432\u0430\u0445 \u0438 \u043c\u044b\u0448\u0446\u0430\u0445, \u0430 \u0442\u0430\u043a\u0436\u0435 \u0447\u0430\u0441\u0442\u044b\u0445 \u0432\u043e\u0441\u043f\u0430\u043b\u0435\u043d\u0438\u044f\u0445 \u043c\u043e\u0447\u0435\u043f\u043e\u043b\u043e\u0432\u043e\u0439 \u0441\u0438\u0441\u0442\u0435\u043c\u044b.\" \/>\n<meta property=\"og:url\" content=\"https:\/\/shop.hoiamed.ee\/toode\/60-postmenopaus-femarelle-unstoppable-toidulisand-n56\/\" \/>\n<meta property=\"og:site_name\" content=\"Hoiamed\" \/>\n<meta property=\"article:publisher\" content=\"https:\/\/www.facebook.com\/Hoiamed\" \/>\n<meta property=\"article:modified_time\" content=\"2025-11-18T20:33:18+00:00\" \/>\n<meta property=\"og:image\" content=\"https:\/\/shop.hoiamed.ee\/wp-content\/uploads\/2025\/10\/Femarelle-Unstoppable-white-60-a-naised-postmenopaus-toidulisand.jpg\" \/>\n\t<meta property=\"og:image:width\" content=\"1200\" \/>\n\t<meta property=\"og:image:height\" content=\"1200\" \/>\n\t<meta property=\"og:image:type\" content=\"image\/jpeg\" \/>\n<meta name=\"twitter:card\" content=\"summary_large_image\" \/>\n<meta name=\"twitter:label1\" content=\"\u041f\u0440\u0438\u043c\u0435\u0440\u043d\u043e\u0435 \u0432\u0440\u0435\u043c\u044f \u0434\u043b\u044f \u0447\u0442\u0435\u043d\u0438\u044f\" \/>\n\t<meta name=\"twitter:data1\" content=\"1 \u043c\u0438\u043d\u0443\u0442\u0430\" \/>\n<script type=\"application\/ld+json\" class=\"yoast-schema-graph\">{\"@context\":\"https:\\\/\\\/schema.org\",\"@graph\":[{\"@type\":\"WebPage\",\"@id\":\"https:\\\/\\\/shop.hoiamed.ee\\\/toode\\\/60-postmenopaus-femarelle-unstoppable-toidulisand-n56\\\/\",\"url\":\"https:\\\/\\\/shop.hoiamed.ee\\\/toode\\\/60-postmenopaus-femarelle-unstoppable-toidulisand-n56\\\/\",\"name\":\"60+ \u041f\u043e\u0441\u0442\u043c\u0435\u043d\u043e\u043f\u0430\u0443\u0437\u0430 Femarelle\u00ae Unstoppable \u2014 \u0431\u0438\u043e\u043b\u043e\u0433\u0438\u0447\u0435\u0441\u043a\u0438 \u0430\u043a\u0442\u0438\u0432\u043d\u0430\u044f \u0434\u043e\u0431\u0430\u0432\u043a\u0430 \u0434\u043b\u044f \u0436\u0435\u043d\u0449\u0438\u043d 60+ - Hoiamed\",\"isPartOf\":{\"@id\":\"https:\\\/\\\/shop.hoiamed.ee\\\/#website\"},\"primaryImageOfPage\":{\"@id\":\"https:\\\/\\\/shop.hoiamed.ee\\\/toode\\\/60-postmenopaus-femarelle-unstoppable-toidulisand-n56\\\/#primaryimage\"},\"image\":{\"@id\":\"https:\\\/\\\/shop.hoiamed.ee\\\/toode\\\/60-postmenopaus-femarelle-unstoppable-toidulisand-n56\\\/#primaryimage\"},\"thumbnailUrl\":\"https:\\\/\\\/shop.hoiamed.ee\\\/wp-content\\\/uploads\\\/2025\\\/10\\\/Femarelle-Unstoppable-white-60-a-naised-postmenopaus-toidulisand.jpg\",\"datePublished\":\"2025-10-31T18:36:38+00:00\",\"dateModified\":\"2025-11-18T20:33:18+00:00\",\"description\":\"Femarelle\u00ae Unstoppable \u0434\u043b\u044f \u0436\u0435\u043d\u0449\u0438\u043d \u0432 \u043f\u043e\u0441\u0442\u043c\u0435\u043d\u043e\u043f\u0430\u0443\u0437\u0435 \u043f\u0440\u0438 \u0445\u0440\u0443\u043f\u043a\u043e\u0441\u0442\u0438 \u043a\u043e\u0441\u0442\u0435\u0439, \u0441\u0443\u0445\u043e\u0441\u0442\u0438 \u0432\u043b\u0430\u0433\u0430\u043b\u0438\u0449\u0430, \u0431\u043e\u043b\u044f\u0445 \u0432 \u0441\u0443\u0441\u0442\u0430\u0432\u0430\u0445 \u0438 \u043c\u044b\u0448\u0446\u0430\u0445, \u0430 \u0442\u0430\u043a\u0436\u0435 \u0447\u0430\u0441\u0442\u044b\u0445 \u0432\u043e\u0441\u043f\u0430\u043b\u0435\u043d\u0438\u044f\u0445 \u043c\u043e\u0447\u0435\u043f\u043e\u043b\u043e\u0432\u043e\u0439 \u0441\u0438\u0441\u0442\u0435\u043c\u044b.\",\"breadcrumb\":{\"@id\":\"https:\\\/\\\/shop.hoiamed.ee\\\/toode\\\/60-postmenopaus-femarelle-unstoppable-toidulisand-n56\\\/#breadcrumb\"},\"inLanguage\":\"ru-RU\",\"potentialAction\":[{\"@type\":\"ReadAction\",\"target\":[\"https:\\\/\\\/shop.hoiamed.ee\\\/toode\\\/60-postmenopaus-femarelle-unstoppable-toidulisand-n56\\\/\"]}]},{\"@type\":\"ImageObject\",\"inLanguage\":\"ru-RU\",\"@id\":\"https:\\\/\\\/shop.hoiamed.ee\\\/toode\\\/60-postmenopaus-femarelle-unstoppable-toidulisand-n56\\\/#primaryimage\",\"url\":\"https:\\\/\\\/shop.hoiamed.ee\\\/wp-content\\\/uploads\\\/2025\\\/10\\\/Femarelle-Unstoppable-white-60-a-naised-postmenopaus-toidulisand.jpg\",\"contentUrl\":\"https:\\\/\\\/shop.hoiamed.ee\\\/wp-content\\\/uploads\\\/2025\\\/10\\\/Femarelle-Unstoppable-white-60-a-naised-postmenopaus-toidulisand.jpg\",\"width\":1200,\"height\":1200,\"caption\":\"Femarelle Unstoppable postmeopausis naistele - luude haprus, tupekuivus, p\u00f5eltikud, liigese - ja lihasvalud.\"},{\"@type\":\"BreadcrumbList\",\"@id\":\"https:\\\/\\\/shop.hoiamed.ee\\\/toode\\\/60-postmenopaus-femarelle-unstoppable-toidulisand-n56\\\/#breadcrumb\",\"itemListElement\":[{\"@type\":\"ListItem\",\"position\":1,\"name\":\"Home\",\"item\":\"https:\\\/\\\/shop.hoiamed.ee\\\/ru\\\/\"},{\"@type\":\"ListItem\",\"position\":2,\"name\":\"\u041a\u0423\u041f\u0418\",\"item\":\"https:\\\/\\\/shop.hoiamed.ee\\\/%d0%ba%d1%83%d0%bf%d0%b8\\\/\"},{\"@type\":\"ListItem\",\"position\":3,\"name\":\"60+ \u041f\u043e\u0441\u0442\u043c\u0435\u043d\u043e\u043f\u0430\u0443\u0437\u0430 Femarelle\u00ae Unstoppable \u2014 \u0431\u0438\u043e\u043b\u043e\u0433\u0438\u0447\u0435\u0441\u043a\u0438 \u0430\u043a\u0442\u0438\u0432\u043d\u0430\u044f \u0434\u043e\u0431\u0430\u0432\u043a\u0430 \u0434\u043b\u044f \u0436\u0435\u043d\u0449\u0438\u043d 60+\"}]},{\"@type\":\"WebSite\",\"@id\":\"https:\\\/\\\/shop.hoiamed.ee\\\/#website\",\"url\":\"https:\\\/\\\/shop.hoiamed.ee\\\/\",\"name\":\"Hoiamed\",\"description\":\"\",\"publisher\":{\"@id\":\"https:\\\/\\\/shop.hoiamed.ee\\\/#organization\"},\"potentialAction\":[{\"@type\":\"SearchAction\",\"target\":{\"@type\":\"EntryPoint\",\"urlTemplate\":\"https:\\\/\\\/shop.hoiamed.ee\\\/?s={search_term_string}\"},\"query-input\":{\"@type\":\"PropertyValueSpecification\",\"valueRequired\":true,\"valueName\":\"search_term_string\"}}],\"inLanguage\":\"ru-RU\"},{\"@type\":\"Organization\",\"@id\":\"https:\\\/\\\/shop.hoiamed.ee\\\/#organization\",\"name\":\"Hoiamed\",\"url\":\"https:\\\/\\\/shop.hoiamed.ee\\\/\",\"logo\":{\"@type\":\"ImageObject\",\"inLanguage\":\"ru-RU\",\"@id\":\"https:\\\/\\\/shop.hoiamed.ee\\\/#\\\/schema\\\/logo\\\/image\\\/\",\"url\":\"https:\\\/\\\/shop.hoiamed.ee\\\/wp-content\\\/uploads\\\/2021\\\/04\\\/Hoiamed.png\",\"contentUrl\":\"https:\\\/\\\/shop.hoiamed.ee\\\/wp-content\\\/uploads\\\/2021\\\/04\\\/Hoiamed.png\",\"width\":300,\"height\":193,\"caption\":\"Hoiamed\"},\"image\":{\"@id\":\"https:\\\/\\\/shop.hoiamed.ee\\\/#\\\/schema\\\/logo\\\/image\\\/\"},\"sameAs\":[\"https:\\\/\\\/www.facebook.com\\\/Hoiamed\",\"https:\\\/\\\/www.instagram.com\\\/hoiamed.ee\"]}]}<\/script>\n<!-- \/ Yoast SEO plugin. -->","yoast_head_json":{"title":"60+ \u041f\u043e\u0441\u0442\u043c\u0435\u043d\u043e\u043f\u0430\u0443\u0437\u0430 Femarelle\u00ae Unstoppable \u2014 \u0431\u0438\u043e\u043b\u043e\u0433\u0438\u0447\u0435\u0441\u043a\u0438 \u0430\u043a\u0442\u0438\u0432\u043d\u0430\u044f \u0434\u043e\u0431\u0430\u0432\u043a\u0430 \u0434\u043b\u044f \u0436\u0435\u043d\u0449\u0438\u043d 60+ - Hoiamed","description":"Femarelle\u00ae Unstoppable \u0434\u043b\u044f \u0436\u0435\u043d\u0449\u0438\u043d \u0432 \u043f\u043e\u0441\u0442\u043c\u0435\u043d\u043e\u043f\u0430\u0443\u0437\u0435 \u043f\u0440\u0438 \u0445\u0440\u0443\u043f\u043a\u043e\u0441\u0442\u0438 \u043a\u043e\u0441\u0442\u0435\u0439, \u0441\u0443\u0445\u043e\u0441\u0442\u0438 \u0432\u043b\u0430\u0433\u0430\u043b\u0438\u0449\u0430, \u0431\u043e\u043b\u044f\u0445 \u0432 \u0441\u0443\u0441\u0442\u0430\u0432\u0430\u0445 \u0438 \u043c\u044b\u0448\u0446\u0430\u0445, \u0430 \u0442\u0430\u043a\u0436\u0435 \u0447\u0430\u0441\u0442\u044b\u0445 \u0432\u043e\u0441\u043f\u0430\u043b\u0435\u043d\u0438\u044f\u0445 \u043c\u043e\u0447\u0435\u043f\u043e\u043b\u043e\u0432\u043e\u0439 \u0441\u0438\u0441\u0442\u0435\u043c\u044b.","robots":{"index":"index","follow":"follow","max-snippet":"max-snippet:-1","max-image-preview":"max-image-preview:large","max-video-preview":"max-video-preview:-1"},"canonical":"https:\/\/shop.hoiamed.ee\/toode\/60-postmenopaus-femarelle-unstoppable-toidulisand-n56\/","og_locale":"ru_RU","og_type":"article","og_title":"60+ \u041f\u043e\u0441\u0442\u043c\u0435\u043d\u043e\u043f\u0430\u0443\u0437\u0430 Femarelle\u00ae Unstoppable \u2014 \u0431\u0438\u043e\u043b\u043e\u0433\u0438\u0447\u0435\u0441\u043a\u0438 \u0430\u043a\u0442\u0438\u0432\u043d\u0430\u044f \u0434\u043e\u0431\u0430\u0432\u043a\u0430 \u0434\u043b\u044f \u0436\u0435\u043d\u0449\u0438\u043d 60+ - Hoiamed","og_description":"Femarelle\u00ae Unstoppable \u0434\u043b\u044f \u0436\u0435\u043d\u0449\u0438\u043d \u0432 \u043f\u043e\u0441\u0442\u043c\u0435\u043d\u043e\u043f\u0430\u0443\u0437\u0435 \u043f\u0440\u0438 \u0445\u0440\u0443\u043f\u043a\u043e\u0441\u0442\u0438 \u043a\u043e\u0441\u0442\u0435\u0439, \u0441\u0443\u0445\u043e\u0441\u0442\u0438 \u0432\u043b\u0430\u0433\u0430\u043b\u0438\u0449\u0430, \u0431\u043e\u043b\u044f\u0445 \u0432 \u0441\u0443\u0441\u0442\u0430\u0432\u0430\u0445 \u0438 \u043c\u044b\u0448\u0446\u0430\u0445, \u0430 \u0442\u0430\u043a\u0436\u0435 \u0447\u0430\u0441\u0442\u044b\u0445 \u0432\u043e\u0441\u043f\u0430\u043b\u0435\u043d\u0438\u044f\u0445 \u043c\u043e\u0447\u0435\u043f\u043e\u043b\u043e\u0432\u043e\u0439 \u0441\u0438\u0441\u0442\u0435\u043c\u044b.","og_url":"https:\/\/shop.hoiamed.ee\/toode\/60-postmenopaus-femarelle-unstoppable-toidulisand-n56\/","og_site_name":"Hoiamed","article_publisher":"https:\/\/www.facebook.com\/Hoiamed","article_modified_time":"2025-11-18T20:33:18+00:00","og_image":[{"width":1200,"height":1200,"url":"https:\/\/shop.hoiamed.ee\/wp-content\/uploads\/2025\/10\/Femarelle-Unstoppable-white-60-a-naised-postmenopaus-toidulisand.jpg","type":"image\/jpeg"}],"twitter_card":"summary_large_image","twitter_misc":{"\u041f\u0440\u0438\u043c\u0435\u0440\u043d\u043e\u0435 \u0432\u0440\u0435\u043c\u044f \u0434\u043b\u044f \u0447\u0442\u0435\u043d\u0438\u044f":"1 \u043c\u0438\u043d\u0443\u0442\u0430"},"schema":{"@context":"https:\/\/schema.org","@graph":[{"@type":"WebPage","@id":"https:\/\/shop.hoiamed.ee\/toode\/60-postmenopaus-femarelle-unstoppable-toidulisand-n56\/","url":"https:\/\/shop.hoiamed.ee\/toode\/60-postmenopaus-femarelle-unstoppable-toidulisand-n56\/","name":"60+ \u041f\u043e\u0441\u0442\u043c\u0435\u043d\u043e\u043f\u0430\u0443\u0437\u0430 Femarelle\u00ae Unstoppable \u2014 \u0431\u0438\u043e\u043b\u043e\u0433\u0438\u0447\u0435\u0441\u043a\u0438 \u0430\u043a\u0442\u0438\u0432\u043d\u0430\u044f \u0434\u043e\u0431\u0430\u0432\u043a\u0430 \u0434\u043b\u044f \u0436\u0435\u043d\u0449\u0438\u043d 60+ - Hoiamed","isPartOf":{"@id":"https:\/\/shop.hoiamed.ee\/#website"},"primaryImageOfPage":{"@id":"https:\/\/shop.hoiamed.ee\/toode\/60-postmenopaus-femarelle-unstoppable-toidulisand-n56\/#primaryimage"},"image":{"@id":"https:\/\/shop.hoiamed.ee\/toode\/60-postmenopaus-femarelle-unstoppable-toidulisand-n56\/#primaryimage"},"thumbnailUrl":"https:\/\/shop.hoiamed.ee\/wp-content\/uploads\/2025\/10\/Femarelle-Unstoppable-white-60-a-naised-postmenopaus-toidulisand.jpg","datePublished":"2025-10-31T18:36:38+00:00","dateModified":"2025-11-18T20:33:18+00:00","description":"Femarelle\u00ae Unstoppable \u0434\u043b\u044f \u0436\u0435\u043d\u0449\u0438\u043d \u0432 \u043f\u043e\u0441\u0442\u043c\u0435\u043d\u043e\u043f\u0430\u0443\u0437\u0435 \u043f\u0440\u0438 \u0445\u0440\u0443\u043f\u043a\u043e\u0441\u0442\u0438 \u043a\u043e\u0441\u0442\u0435\u0439, \u0441\u0443\u0445\u043e\u0441\u0442\u0438 \u0432\u043b\u0430\u0433\u0430\u043b\u0438\u0449\u0430, \u0431\u043e\u043b\u044f\u0445 \u0432 \u0441\u0443\u0441\u0442\u0430\u0432\u0430\u0445 \u0438 \u043c\u044b\u0448\u0446\u0430\u0445, \u0430 \u0442\u0430\u043a\u0436\u0435 \u0447\u0430\u0441\u0442\u044b\u0445 \u0432\u043e\u0441\u043f\u0430\u043b\u0435\u043d\u0438\u044f\u0445 \u043c\u043e\u0447\u0435\u043f\u043e\u043b\u043e\u0432\u043e\u0439 \u0441\u0438\u0441\u0442\u0435\u043c\u044b.","breadcrumb":{"@id":"https:\/\/shop.hoiamed.ee\/toode\/60-postmenopaus-femarelle-unstoppable-toidulisand-n56\/#breadcrumb"},"inLanguage":"ru-RU","potentialAction":[{"@type":"ReadAction","target":["https:\/\/shop.hoiamed.ee\/toode\/60-postmenopaus-femarelle-unstoppable-toidulisand-n56\/"]}]},{"@type":"ImageObject","inLanguage":"ru-RU","@id":"https:\/\/shop.hoiamed.ee\/toode\/60-postmenopaus-femarelle-unstoppable-toidulisand-n56\/#primaryimage","url":"https:\/\/shop.hoiamed.ee\/wp-content\/uploads\/2025\/10\/Femarelle-Unstoppable-white-60-a-naised-postmenopaus-toidulisand.jpg","contentUrl":"https:\/\/shop.hoiamed.ee\/wp-content\/uploads\/2025\/10\/Femarelle-Unstoppable-white-60-a-naised-postmenopaus-toidulisand.jpg","width":1200,"height":1200,"caption":"Femarelle Unstoppable postmeopausis naistele - luude haprus, tupekuivus, p\u00f5eltikud, liigese - ja lihasvalud."},{"@type":"BreadcrumbList","@id":"https:\/\/shop.hoiamed.ee\/toode\/60-postmenopaus-femarelle-unstoppable-toidulisand-n56\/#breadcrumb","itemListElement":[{"@type":"ListItem","position":1,"name":"Home","item":"https:\/\/shop.hoiamed.ee\/ru\/"},{"@type":"ListItem","position":2,"name":"\u041a\u0423\u041f\u0418","item":"https:\/\/shop.hoiamed.ee\/%d0%ba%d1%83%d0%bf%d0%b8\/"},{"@type":"ListItem","position":3,"name":"60+ \u041f\u043e\u0441\u0442\u043c\u0435\u043d\u043e\u043f\u0430\u0443\u0437\u0430 Femarelle\u00ae Unstoppable \u2014 \u0431\u0438\u043e\u043b\u043e\u0433\u0438\u0447\u0435\u0441\u043a\u0438 \u0430\u043a\u0442\u0438\u0432\u043d\u0430\u044f \u0434\u043e\u0431\u0430\u0432\u043a\u0430 \u0434\u043b\u044f \u0436\u0435\u043d\u0449\u0438\u043d 60+"}]},{"@type":"WebSite","@id":"https:\/\/shop.hoiamed.ee\/#website","url":"https:\/\/shop.hoiamed.ee\/","name":"Hoiamed","description":"","publisher":{"@id":"https:\/\/shop.hoiamed.ee\/#organization"},"potentialAction":[{"@type":"SearchAction","target":{"@type":"EntryPoint","urlTemplate":"https:\/\/shop.hoiamed.ee\/?s={search_term_string}"},"query-input":{"@type":"PropertyValueSpecification","valueRequired":true,"valueName":"search_term_string"}}],"inLanguage":"ru-RU"},{"@type":"Organization","@id":"https:\/\/shop.hoiamed.ee\/#organization","name":"Hoiamed","url":"https:\/\/shop.hoiamed.ee\/","logo":{"@type":"ImageObject","inLanguage":"ru-RU","@id":"https:\/\/shop.hoiamed.ee\/#\/schema\/logo\/image\/","url":"https:\/\/shop.hoiamed.ee\/wp-content\/uploads\/2021\/04\/Hoiamed.png","contentUrl":"https:\/\/shop.hoiamed.ee\/wp-content\/uploads\/2021\/04\/Hoiamed.png","width":300,"height":193,"caption":"Hoiamed"},"image":{"@id":"https:\/\/shop.hoiamed.ee\/#\/schema\/logo\/image\/"},"sameAs":["https:\/\/www.facebook.com\/Hoiamed","https:\/\/www.instagram.com\/hoiamed.ee"]}]}},"_links":{"self":[{"href":"https:\/\/shop.hoiamed.ee\/ru\/wp-json\/wp\/v2\/product\/13988","targetHints":{"allow":["GET"]}}],"collection":[{"href":"https:\/\/shop.hoiamed.ee\/ru\/wp-json\/wp\/v2\/product"}],"about":[{"href":"https:\/\/shop.hoiamed.ee\/ru\/wp-json\/wp\/v2\/types\/product"}],"replies":[{"embeddable":true,"href":"https:\/\/shop.hoiamed.ee\/ru\/wp-json\/wp\/v2\/comments?post=13988"}],"wp:featuredmedia":[{"embeddable":true,"href":"https:\/\/shop.hoiamed.ee\/ru\/wp-json\/wp\/v2\/media\/13817"}],"wp:attachment":[{"href":"https:\/\/shop.hoiamed.ee\/ru\/wp-json\/wp\/v2\/media?parent=13988"}],"wp:term":[{"taxonomy":"product_brand","embeddable":true,"href":"https:\/\/shop.hoiamed.ee\/ru\/wp-json\/wp\/v2\/product_brand?post=13988"},{"taxonomy":"product_cat","embeddable":true,"href":"https:\/\/shop.hoiamed.ee\/ru\/wp-json\/wp\/v2\/product_cat?post=13988"},{"taxonomy":"product_tag","embeddable":true,"href":"https:\/\/shop.hoiamed.ee\/ru\/wp-json\/wp\/v2\/product_tag?post=13988"}],"curies":[{"name":"wp","href":"https:\/\/api.w.org\/{rel}","templated":true}]}}