{"id":13974,"date":"2025-10-31T15:28:31","date_gmt":"2025-10-31T13:28:31","guid":{"rendered":"https:\/\/shop.hoiamed.ee\/product\/40-perimenopaus-femarelle-rejuvenate-toidulisand-n56\/"},"modified":"2025-11-16T14:17:39","modified_gmt":"2025-11-16T12:17:39","slug":"40-%d0%bf%d0%b5%d1%80%d0%b8%d0%bc%d0%b5%d0%bd%d0%be%d0%bf%d0%b0%d1%83%d0%b7%d0%b0-femarelle-rejuvenate-%d0%b1%d0%b8%d0%be%d0%bb%d0%be%d0%b3%d0%b8%d1%87%d0%b5%d1%81%d0%ba%d0%b8-%d0%b0","status":"publish","type":"product","link":"https:\/\/shop.hoiamed.ee\/ru\/product\/40-%d0%bf%d0%b5%d1%80%d0%b8%d0%bc%d0%b5%d0%bd%d0%be%d0%bf%d0%b0%d1%83%d0%b7%d0%b0-femarelle-rejuvenate-%d0%b1%d0%b8%d0%be%d0%bb%d0%be%d0%b3%d0%b8%d1%87%d0%b5%d1%81%d0%ba%d0%b8-%d0%b0\/","title":{"rendered":"40+ \u041f\u0435\u0440\u0438\u043c\u0435\u043d\u043e\u043f\u0430\u0443\u0437\u0430 Femarelle\u00ae Rejuvenate \u2014 \u0431\u0438\u043e\u043b\u043e\u0433\u0438\u0447\u0435\u0441\u043a\u0438 \u0430\u043a\u0442\u0438\u0432\u043d\u0430\u044f \u0434\u043e\u0431\u0430\u0432\u043a\u0430 \u0434\u043b\u044f \u0436\u0435\u043d\u0449\u0438\u043d 40+, N56"},"content":{"rendered":"<p data-start=\"63\" data-end=\"212\"><span style=\"font-size: 14px;\"><strong data-start=\"63\" data-end=\"159\">Femarelle\u00ae Rejuvenate \u2013 \u0442\u0432\u043e\u044f \u0435\u0436\u0435\u0434\u043d\u0435\u0432\u043d\u0430\u044f \u043f\u043e\u0434\u0434\u0435\u0440\u0436\u043a\u0430 \u043c\u043e\u043b\u043e\u0434\u043e\u0441\u0442\u0438, \u044d\u043d\u0435\u0440\u0433\u0438\u0438 \u0438 \u0435\u0441\u0442\u0435\u0441\u0442\u0432\u0435\u043d\u043d\u043e\u0433\u043e \u0441\u0438\u044f\u043d\u0438\u044f.<\/strong><\/span><br data-start=\"159\" data-end=\"162\" \/><span style=\"font-size: 14px;\">\u042d\u0442\u043e\u0442 \u043d\u0430\u0443\u0447\u043d\u043e \u043e\u0431\u043e\u0441\u043d\u043e\u0432\u0430\u043d\u043d\u044b\u0439 \u043a\u043e\u043c\u043f\u043b\u0435\u043a\u0441 \u0441\u043e\u0447\u0435\u0442\u0430\u0435\u0442 \u0432 \u0441\u0435\u0431\u0435:<\/span><\/p>\n<p data-start=\"214\" data-end=\"346\"><span style=\"font-size: 14px;\">\ud83e\udd0d \u042d\u043a\u0441\u0442\u0440\u0430\u043a\u0442 \u0441\u043e\u0438 DT56a, \u044d\u043a\u0441\u0442\u0440\u0430\u043a\u0442 \u043b\u044c\u043d\u044f\u043d\u043e\u0433\u043e \u0441\u0435\u043c\u0435\u043d\u0438, \u0432\u0438\u0442\u0430\u043c\u0438\u043d B2 \u0438 \u0431\u0438\u043e\u0442\u0438\u043d, \u043a\u043e\u0442\u043e\u0440\u044b\u0435 \u043f\u043e\u043c\u043e\u0433\u0430\u044e\u0442 \u0441\u043e\u0445\u0440\u0430\u043d\u0438\u0442\u044c \u0432\u043d\u0443\u0442\u0440\u0435\u043d\u043d\u0438\u0439 \u0431\u0430\u043b\u0430\u043d\u0441 \u0438 \u0432\u043d\u0435\u0448\u043d\u0435\u0435 \u0441\u0438\u044f\u043d\u0438\u0435.<\/span><\/p>\n<p data-start=\"348\" data-end=\"486\"><span style=\"font-size: 14px;\">\ud83e\udd0d \u0412\u0438\u0442\u0430\u043c\u0438\u043d B2 (\u0440\u0438\u0431\u043e\u0444\u043b\u0430\u0432\u0438\u043d) \u043f\u043e\u0434\u0434\u0435\u0440\u0436\u0438\u0432\u0430\u0435\u0442 \u0435\u0441\u0442\u0435\u0441\u0442\u0432\u0435\u043d\u043d\u0443\u044e \u043a\u0440\u0430\u0441\u043e\u0442\u0443 \u043a\u043e\u0436\u0438, \u043f\u043e\u043c\u043e\u0433\u0430\u0435\u0442 \u0443\u043c\u0435\u043d\u044c\u0448\u0438\u0442\u044c \u0443\u0441\u0442\u0430\u043b\u043e\u0441\u0442\u044c \u0438 \u043f\u043e\u0434\u0434\u0435\u0440\u0436\u0438\u0432\u0430\u0442\u044c \u0441\u0442\u0430\u0431\u0438\u043b\u044c\u043d\u044b\u0439 \u0443\u0440\u043e\u0432\u0435\u043d\u044c \u044d\u043d\u0435\u0440\u0433\u0438\u0438.<\/span><\/p>\n<p data-start=\"488\" data-end=\"608\"><span style=\"font-size: 14px;\">\ud83e\udd0d \u0411\u0438\u043e\u0442\u0438\u043d \u0441\u043f\u043e\u0441\u043e\u0431\u0441\u0442\u0432\u0443\u0435\u0442 \u0437\u0434\u043e\u0440\u043e\u0432\u044c\u044e \u043a\u043e\u0436\u0438 \u0438 \u0432\u043e\u043b\u043e\u0441, \u0430 \u0442\u0430\u043a\u0436\u0435 \u043f\u043e\u043c\u043e\u0433\u0430\u0435\u0442 \u0441\u043e\u0445\u0440\u0430\u043d\u044f\u0442\u044c \u0445\u043e\u0440\u043e\u0448\u0435\u0435 \u0441\u0430\u043c\u043e\u0447\u0443\u0432\u0441\u0442\u0432\u0438\u0435 \u0438 \u0441\u043f\u043e\u043a\u043e\u0439\u0441\u0442\u0432\u0438\u0435 \u043a\u0430\u0436\u0434\u044b\u0439 \u0434\u0435\u043d\u044c.<\/span><\/p>\n<p data-start=\"610\" data-end=\"720\" data-is-last-node=\"\" data-is-only-node=\"\"><span style=\"font-size: 14px;\"><strong data-start=\"610\" data-end=\"720\" data-is-last-node=\"\">\u041d\u0430\u0441\u043b\u0430\u0436\u0434\u0430\u0439\u0441\u044f \u043d\u043e\u0432\u043e\u0439 \u044d\u043d\u0435\u0440\u0433\u0438\u0435\u0439 \u0438 \u0443\u0432\u0435\u0440\u0435\u043d\u043d\u043e\u0441\u0442\u044c\u044e \u2014 Femarelle\u00ae Rejuvenate \u043f\u043e\u043c\u043e\u0433\u0430\u0435\u0442 \u0441\u043d\u043e\u0432\u0430 \u043f\u043e\u0447\u0443\u0432\u0441\u0442\u0432\u043e\u0432\u0430\u0442\u044c \u0441\u0435\u0431\u044f \u0441\u043e\u0431\u043e\u0439.<\/strong><\/span><\/p>\n","protected":false},"excerpt":{"rendered":"<p data-start=\"220\" data-end=\"389\"><strong data-start=\"220\" data-end=\"389\">Femarelle\u00ae Rejuvenate \u2014 \u0431\u0438\u043e\u043b\u043e\u0433\u0438\u0447\u0435\u0441\u043a\u0438 \u0430\u043a\u0442\u0438\u0432\u043d\u0430\u044f \u0434\u043e\u0431\u0430\u0432\u043a\u0430, \u043a\u043e\u0442\u043e\u0440\u0430\u044f \u043f\u043e\u043c\u043e\u0433\u0430\u0435\u0442 \u0443\u043b\u0443\u0447\u0448\u0438\u0442\u044c \u0441\u0430\u043c\u043e\u0447\u0443\u0432\u0441\u0442\u0432\u0438\u0435 \u0432 \u043f\u0435\u0440\u0438\u043e\u0434 \u043f\u0435\u0440\u0438\u043c\u0435\u043d\u043e\u043f\u0430\u0443\u0437\u044b, \u043f\u043e\u0434\u0434\u0435\u0440\u0436\u0438\u0432\u0430\u0435\u0442 \u0437\u0434\u043e\u0440\u043e\u0432\u044c\u0435 \u043a\u043e\u0436\u0438 \u0438 \u0441\u043d\u0438\u0436\u0430\u0435\u0442 \u0443\u0441\u0442\u0430\u043b\u043e\u0441\u0442\u044c.<\/strong><\/p>\n<p data-start=\"391\" data-end=\"578\">\ud83e\udd0d <strong data-start=\"394\" data-end=\"419\">Femarelle\u00ae Rejuvenate<\/strong> \u043f\u0440\u0435\u0434\u043d\u0430\u0437\u043d\u0430\u0447\u0435\u043d \u0434\u043b\u044f \u043e\u0431\u043b\u0435\u0433\u0447\u0435\u043d\u0438\u044f \u043f\u0435\u0440\u0432\u044b\u0445 \u043f\u0440\u043e\u044f\u0432\u043b\u0435\u043d\u0438\u0439 \u043c\u0435\u043d\u043e\u043f\u0430\u0443\u0437\u044b, \u0441\u0432\u044f\u0437\u0430\u043d\u043d\u044b\u0445 \u0441 \u043e\u0441\u043b\u0430\u0431\u043b\u0435\u043d\u0438\u0435\u043c \u0444\u0443\u043d\u043a\u0446\u0438\u0438 \u044f\u0438\u0447\u043d\u0438\u043a\u043e\u0432, \u0447\u0442\u043e \u0432\u043b\u0438\u044f\u0435\u0442 \u043d\u0430 \u0441\u043e\u0441\u0442\u043e\u044f\u043d\u0438\u0435 \u043a\u043e\u0436\u0438, \u043d\u0430\u0441\u0442\u0440\u043e\u0435\u043d\u0438\u0435 \u0438 \u0443\u0440\u043e\u0432\u0435\u043d\u044c \u044d\u043d\u0435\u0440\u0433\u0438\u0438.<\/p>\n<p data-start=\"580\" data-end=\"721\">\ud83e\udd0d <strong data-start=\"583\" data-end=\"608\">Femarelle\u00ae Rejuvenate<\/strong> \u043f\u043e\u0434\u0445\u043e\u0434\u0438\u0442 \u0434\u043b\u044f \u043f\u0435\u0440\u0438\u043e\u0434\u0430, \u043a\u043e\u0433\u0434\u0430 \u043d\u0430\u0447\u0438\u043d\u0430\u044e\u0442 \u043f\u043e\u044f\u0432\u043b\u044f\u0442\u044c\u0441\u044f \u043f\u0435\u0440\u0432\u044b\u0435 (\u043f\u0435\u0440\u0438)\u043c\u0435\u043d\u043e\u043f\u0430\u0443\u0437\u0430\u043b\u044c\u043d\u044b\u0435 \u0441\u0438\u043c\u043f\u0442\u043e\u043c\u044b, \u0442\u043e \u0435\u0441\u0442\u044c \u0435\u0441\u043b\u0438 \u0432\u044b \u0437\u0430\u043c\u0435\u0447\u0430\u0435\u0442\u0435:<\/p>\n<ul data-start=\"723\" data-end=\"907\">\n<li data-start=\"723\" data-end=\"746\">\n<p data-start=\"725\" data-end=\"746\">\u043f\u0435\u0440\u0435\u043f\u0430\u0434\u044b \u043d\u0430\u0441\u0442\u0440\u043e\u0435\u043d\u0438\u044f<\/p>\n<\/li>\n<li data-start=\"747\" data-end=\"782\">\n<p data-start=\"749\" data-end=\"782\">\u0442\u0440\u0435\u0432\u043e\u0436\u043d\u043e\u0441\u0442\u044c \u0438 \u0440\u0430\u0437\u0434\u0440\u0430\u0436\u0438\u0442\u0435\u043b\u044c\u043d\u043e\u0441\u0442\u044c<\/p>\n<\/li>\n<li data-start=\"783\" data-end=\"796\">\n<p data-start=\"785\" data-end=\"796\">\u0443\u0441\u0442\u0430\u043b\u043e\u0441\u0442\u044c<\/p>\n<\/li>\n<li data-start=\"797\" data-end=\"843\">\n<p data-start=\"799\" data-end=\"843\">\u0441\u043d\u0438\u0436\u0435\u043d\u0438\u0435 \u044d\u043b\u0430\u0441\u0442\u0438\u0447\u043d\u043e\u0441\u0442\u0438 \u043a\u043e\u0436\u0438 \u0438 \u0441\u0443\u0445\u043e\u0441\u0442\u044c \u0432\u043e\u043b\u043e\u0441<\/p>\n<\/li>\n<li data-start=\"844\" data-end=\"907\">\n<p data-start=\"846\" data-end=\"907\">\u2026 \u0430 \u0442\u0430\u043a\u0436\u0435 \u043f\u0435\u0440\u0432\u044b\u0435 \u043f\u0440\u0438\u0437\u043d\u0430\u043a\u0438 \u043d\u0435\u0440\u0435\u0433\u0443\u043b\u044f\u0440\u043d\u043e\u0433\u043e \u043c\u0435\u043d\u0441\u0442\u0440\u0443\u0430\u043b\u044c\u043d\u043e\u0433\u043e \u0446\u0438\u043a\u043b\u0430.<\/p>\n<\/li>\n<\/ul>\n<p>&nbsp;<\/p>\n","protected":false},"featured_media":13801,"comment_status":"open","ping_status":"closed","template":"","meta":[],"product_brand":[],"product_cat":[244],"product_tag":[],"class_list":{"0":"post-13974","1":"product","2":"type-product","3":"status-publish","4":"has-post-thumbnail","6":"product_cat-244","8":"first","9":"instock","10":"sale","11":"taxable","12":"shipping-taxable","13":"purchasable","14":"product-type-simple"},"yoast_head":"<!-- This site is optimized with the Yoast SEO plugin v27.4 - https:\/\/yoast.com\/product\/yoast-seo-wordpress\/ -->\n<title>40+ \u041f\u0435\u0440\u0438\u043c\u0435\u043d\u043e\u043f\u0430\u0443\u0437\u0430 Femarelle\u00ae Rejuvenate \u2014 \u0431\u0438\u043e\u043b\u043e\u0433\u0438\u0447\u0435\u0441\u043a\u0438 \u0430\u043a\u0442\u0438\u0432\u043d\u0430\u044f \u0434\u043e\u0431\u0430\u0432\u043a\u0430 \u0434\u043b\u044f \u0436\u0435\u043d\u0449\u0438\u043d 40+, N56 - Hoiamed<\/title>\n<meta name=\"description\" content=\"Femarelle\u00ae Rejuvenate \u2014 \u0431\u0438\u043e\u043b\u043e\u0433\u0438\u0447\u0435\u0441\u043a\u0438 \u0430\u043a\u0442\u0438\u0432\u043d\u0430\u044f \u0434\u043e\u0431\u0430\u0432\u043a\u0430 \u0434\u043b\u044f \u0436\u0435\u043d\u0449\u0438\u043d 40+, \u043f\u043e\u043c\u043e\u0433\u0430\u044e\u0449\u0430\u044f \u0441\u043d\u0438\u0437\u0438\u0442\u044c \u043f\u0435\u0440\u0432\u044b\u0435 \u0441\u0438\u043c\u043f\u0442\u043e\u043c\u044b \u043f\u0435\u0440\u0438\u043c\u0435\u043d\u043e\u043f\u0430\u0443\u0437\u044b \u0438 \u043f\u043e\u0434\u0434\u0435\u0440\u0436\u0438\u0432\u0430\u0442\u044c \u044d\u043d\u0435\u0440\u0433\u0438\u044e \u0438 \u043e\u0431\u0449\u0435\u0435 \u0441\u0430\u043c\u043e\u0447\u0443\u0432\u0441\u0442\u0432\u0438\u0435.\" \/>\n<meta name=\"robots\" content=\"index, follow, max-snippet:-1, max-image-preview:large, max-video-preview:-1\" \/>\n<link rel=\"canonical\" href=\"https:\/\/shop.hoiamed.ee\/toode\/40-perimenopaus-femarelle-rejuvenate-toidulisand-n56\/\" \/>\n<meta property=\"og:locale\" content=\"ru_RU\" \/>\n<meta property=\"og:type\" content=\"article\" \/>\n<meta property=\"og:title\" content=\"40+ \u041f\u0435\u0440\u0438\u043c\u0435\u043d\u043e\u043f\u0430\u0443\u0437\u0430 Femarelle\u00ae Rejuvenate \u2014 \u0431\u0438\u043e\u043b\u043e\u0433\u0438\u0447\u0435\u0441\u043a\u0438 \u0430\u043a\u0442\u0438\u0432\u043d\u0430\u044f \u0434\u043e\u0431\u0430\u0432\u043a\u0430 \u0434\u043b\u044f \u0436\u0435\u043d\u0449\u0438\u043d 40+, N56 - Hoiamed\" \/>\n<meta property=\"og:description\" content=\"Femarelle\u00ae Rejuvenate \u2014 \u0431\u0438\u043e\u043b\u043e\u0433\u0438\u0447\u0435\u0441\u043a\u0438 \u0430\u043a\u0442\u0438\u0432\u043d\u0430\u044f \u0434\u043e\u0431\u0430\u0432\u043a\u0430 \u0434\u043b\u044f \u0436\u0435\u043d\u0449\u0438\u043d 40+, \u043f\u043e\u043c\u043e\u0433\u0430\u044e\u0449\u0430\u044f \u0441\u043d\u0438\u0437\u0438\u0442\u044c \u043f\u0435\u0440\u0432\u044b\u0435 \u0441\u0438\u043c\u043f\u0442\u043e\u043c\u044b \u043f\u0435\u0440\u0438\u043c\u0435\u043d\u043e\u043f\u0430\u0443\u0437\u044b \u0438 \u043f\u043e\u0434\u0434\u0435\u0440\u0436\u0438\u0432\u0430\u0442\u044c \u044d\u043d\u0435\u0440\u0433\u0438\u044e \u0438 \u043e\u0431\u0449\u0435\u0435 \u0441\u0430\u043c\u043e\u0447\u0443\u0432\u0441\u0442\u0432\u0438\u0435.\" \/>\n<meta property=\"og:url\" content=\"https:\/\/shop.hoiamed.ee\/toode\/40-perimenopaus-femarelle-rejuvenate-toidulisand-n56\/\" \/>\n<meta property=\"og:site_name\" content=\"Hoiamed\" \/>\n<meta property=\"article:publisher\" content=\"https:\/\/www.facebook.com\/Hoiamed\" \/>\n<meta property=\"article:modified_time\" content=\"2025-11-16T12:17:39+00:00\" \/>\n<meta property=\"og:image\" content=\"https:\/\/shop.hoiamed.ee\/wp-content\/uploads\/2025\/10\/Femarelle-Rejuvenate-white_-Menopaus-naistele.jpg\" \/>\n\t<meta property=\"og:image:width\" content=\"1200\" \/>\n\t<meta property=\"og:image:height\" content=\"1200\" \/>\n\t<meta property=\"og:image:type\" content=\"image\/jpeg\" \/>\n<meta name=\"twitter:card\" content=\"summary_large_image\" \/>\n<meta name=\"twitter:label1\" content=\"\u041f\u0440\u0438\u043c\u0435\u0440\u043d\u043e\u0435 \u0432\u0440\u0435\u043c\u044f \u0434\u043b\u044f \u0447\u0442\u0435\u043d\u0438\u044f\" \/>\n\t<meta name=\"twitter:data1\" content=\"1 \u043c\u0438\u043d\u0443\u0442\u0430\" \/>\n<script type=\"application\/ld+json\" class=\"yoast-schema-graph\">{\"@context\":\"https:\\\/\\\/schema.org\",\"@graph\":[{\"@type\":\"WebPage\",\"@id\":\"https:\\\/\\\/shop.hoiamed.ee\\\/toode\\\/40-perimenopaus-femarelle-rejuvenate-toidulisand-n56\\\/\",\"url\":\"https:\\\/\\\/shop.hoiamed.ee\\\/toode\\\/40-perimenopaus-femarelle-rejuvenate-toidulisand-n56\\\/\",\"name\":\"40+ \u041f\u0435\u0440\u0438\u043c\u0435\u043d\u043e\u043f\u0430\u0443\u0437\u0430 Femarelle\u00ae Rejuvenate \u2014 \u0431\u0438\u043e\u043b\u043e\u0433\u0438\u0447\u0435\u0441\u043a\u0438 \u0430\u043a\u0442\u0438\u0432\u043d\u0430\u044f \u0434\u043e\u0431\u0430\u0432\u043a\u0430 \u0434\u043b\u044f \u0436\u0435\u043d\u0449\u0438\u043d 40+, N56 - Hoiamed\",\"isPartOf\":{\"@id\":\"https:\\\/\\\/shop.hoiamed.ee\\\/#website\"},\"primaryImageOfPage\":{\"@id\":\"https:\\\/\\\/shop.hoiamed.ee\\\/toode\\\/40-perimenopaus-femarelle-rejuvenate-toidulisand-n56\\\/#primaryimage\"},\"image\":{\"@id\":\"https:\\\/\\\/shop.hoiamed.ee\\\/toode\\\/40-perimenopaus-femarelle-rejuvenate-toidulisand-n56\\\/#primaryimage\"},\"thumbnailUrl\":\"https:\\\/\\\/shop.hoiamed.ee\\\/wp-content\\\/uploads\\\/2025\\\/10\\\/Femarelle-Rejuvenate-white_-Menopaus-naistele.jpg\",\"datePublished\":\"2025-10-31T13:28:31+00:00\",\"dateModified\":\"2025-11-16T12:17:39+00:00\",\"description\":\"Femarelle\u00ae Rejuvenate \u2014 \u0431\u0438\u043e\u043b\u043e\u0433\u0438\u0447\u0435\u0441\u043a\u0438 \u0430\u043a\u0442\u0438\u0432\u043d\u0430\u044f \u0434\u043e\u0431\u0430\u0432\u043a\u0430 \u0434\u043b\u044f \u0436\u0435\u043d\u0449\u0438\u043d 40+, \u043f\u043e\u043c\u043e\u0433\u0430\u044e\u0449\u0430\u044f \u0441\u043d\u0438\u0437\u0438\u0442\u044c \u043f\u0435\u0440\u0432\u044b\u0435 \u0441\u0438\u043c\u043f\u0442\u043e\u043c\u044b \u043f\u0435\u0440\u0438\u043c\u0435\u043d\u043e\u043f\u0430\u0443\u0437\u044b \u0438 \u043f\u043e\u0434\u0434\u0435\u0440\u0436\u0438\u0432\u0430\u0442\u044c \u044d\u043d\u0435\u0440\u0433\u0438\u044e \u0438 \u043e\u0431\u0449\u0435\u0435 \u0441\u0430\u043c\u043e\u0447\u0443\u0432\u0441\u0442\u0432\u0438\u0435.\",\"breadcrumb\":{\"@id\":\"https:\\\/\\\/shop.hoiamed.ee\\\/toode\\\/40-perimenopaus-femarelle-rejuvenate-toidulisand-n56\\\/#breadcrumb\"},\"inLanguage\":\"ru-RU\",\"potentialAction\":[{\"@type\":\"ReadAction\",\"target\":[\"https:\\\/\\\/shop.hoiamed.ee\\\/toode\\\/40-perimenopaus-femarelle-rejuvenate-toidulisand-n56\\\/\"]}]},{\"@type\":\"ImageObject\",\"inLanguage\":\"ru-RU\",\"@id\":\"https:\\\/\\\/shop.hoiamed.ee\\\/toode\\\/40-perimenopaus-femarelle-rejuvenate-toidulisand-n56\\\/#primaryimage\",\"url\":\"https:\\\/\\\/shop.hoiamed.ee\\\/wp-content\\\/uploads\\\/2025\\\/10\\\/Femarelle-Rejuvenate-white_-Menopaus-naistele.jpg\",\"contentUrl\":\"https:\\\/\\\/shop.hoiamed.ee\\\/wp-content\\\/uploads\\\/2025\\\/10\\\/Femarelle-Rejuvenate-white_-Menopaus-naistele.jpg\",\"width\":1200,\"height\":1200,\"caption\":\"Femarelle Rejuvenate toidulisand perimenopausis naistele - v\u00e4simus, meeleolu k\u00f5ikuine, \u00e4rrituvus ja \u00e4revus\"},{\"@type\":\"BreadcrumbList\",\"@id\":\"https:\\\/\\\/shop.hoiamed.ee\\\/toode\\\/40-perimenopaus-femarelle-rejuvenate-toidulisand-n56\\\/#breadcrumb\",\"itemListElement\":[{\"@type\":\"ListItem\",\"position\":1,\"name\":\"Home\",\"item\":\"https:\\\/\\\/shop.hoiamed.ee\\\/ru\\\/\"},{\"@type\":\"ListItem\",\"position\":2,\"name\":\"\u041a\u0423\u041f\u0418\",\"item\":\"https:\\\/\\\/shop.hoiamed.ee\\\/%d0%ba%d1%83%d0%bf%d0%b8\\\/\"},{\"@type\":\"ListItem\",\"position\":3,\"name\":\"40+ \u041f\u0435\u0440\u0438\u043c\u0435\u043d\u043e\u043f\u0430\u0443\u0437\u0430 Femarelle\u00ae Rejuvenate \u2014 \u0431\u0438\u043e\u043b\u043e\u0433\u0438\u0447\u0435\u0441\u043a\u0438 \u0430\u043a\u0442\u0438\u0432\u043d\u0430\u044f \u0434\u043e\u0431\u0430\u0432\u043a\u0430 \u0434\u043b\u044f \u0436\u0435\u043d\u0449\u0438\u043d 40+, N56\"}]},{\"@type\":\"WebSite\",\"@id\":\"https:\\\/\\\/shop.hoiamed.ee\\\/#website\",\"url\":\"https:\\\/\\\/shop.hoiamed.ee\\\/\",\"name\":\"Hoiamed\",\"description\":\"\",\"publisher\":{\"@id\":\"https:\\\/\\\/shop.hoiamed.ee\\\/#organization\"},\"potentialAction\":[{\"@type\":\"SearchAction\",\"target\":{\"@type\":\"EntryPoint\",\"urlTemplate\":\"https:\\\/\\\/shop.hoiamed.ee\\\/?s={search_term_string}\"},\"query-input\":{\"@type\":\"PropertyValueSpecification\",\"valueRequired\":true,\"valueName\":\"search_term_string\"}}],\"inLanguage\":\"ru-RU\"},{\"@type\":\"Organization\",\"@id\":\"https:\\\/\\\/shop.hoiamed.ee\\\/#organization\",\"name\":\"Hoiamed\",\"url\":\"https:\\\/\\\/shop.hoiamed.ee\\\/\",\"logo\":{\"@type\":\"ImageObject\",\"inLanguage\":\"ru-RU\",\"@id\":\"https:\\\/\\\/shop.hoiamed.ee\\\/#\\\/schema\\\/logo\\\/image\\\/\",\"url\":\"https:\\\/\\\/shop.hoiamed.ee\\\/wp-content\\\/uploads\\\/2021\\\/04\\\/Hoiamed.png\",\"contentUrl\":\"https:\\\/\\\/shop.hoiamed.ee\\\/wp-content\\\/uploads\\\/2021\\\/04\\\/Hoiamed.png\",\"width\":300,\"height\":193,\"caption\":\"Hoiamed\"},\"image\":{\"@id\":\"https:\\\/\\\/shop.hoiamed.ee\\\/#\\\/schema\\\/logo\\\/image\\\/\"},\"sameAs\":[\"https:\\\/\\\/www.facebook.com\\\/Hoiamed\",\"https:\\\/\\\/www.instagram.com\\\/hoiamed.ee\"]}]}<\/script>\n<!-- \/ Yoast SEO plugin. -->","yoast_head_json":{"title":"40+ \u041f\u0435\u0440\u0438\u043c\u0435\u043d\u043e\u043f\u0430\u0443\u0437\u0430 Femarelle\u00ae Rejuvenate \u2014 \u0431\u0438\u043e\u043b\u043e\u0433\u0438\u0447\u0435\u0441\u043a\u0438 \u0430\u043a\u0442\u0438\u0432\u043d\u0430\u044f \u0434\u043e\u0431\u0430\u0432\u043a\u0430 \u0434\u043b\u044f \u0436\u0435\u043d\u0449\u0438\u043d 40+, N56 - Hoiamed","description":"Femarelle\u00ae Rejuvenate \u2014 \u0431\u0438\u043e\u043b\u043e\u0433\u0438\u0447\u0435\u0441\u043a\u0438 \u0430\u043a\u0442\u0438\u0432\u043d\u0430\u044f \u0434\u043e\u0431\u0430\u0432\u043a\u0430 \u0434\u043b\u044f \u0436\u0435\u043d\u0449\u0438\u043d 40+, \u043f\u043e\u043c\u043e\u0433\u0430\u044e\u0449\u0430\u044f \u0441\u043d\u0438\u0437\u0438\u0442\u044c \u043f\u0435\u0440\u0432\u044b\u0435 \u0441\u0438\u043c\u043f\u0442\u043e\u043c\u044b \u043f\u0435\u0440\u0438\u043c\u0435\u043d\u043e\u043f\u0430\u0443\u0437\u044b \u0438 \u043f\u043e\u0434\u0434\u0435\u0440\u0436\u0438\u0432\u0430\u0442\u044c \u044d\u043d\u0435\u0440\u0433\u0438\u044e \u0438 \u043e\u0431\u0449\u0435\u0435 \u0441\u0430\u043c\u043e\u0447\u0443\u0432\u0441\u0442\u0432\u0438\u0435.","robots":{"index":"index","follow":"follow","max-snippet":"max-snippet:-1","max-image-preview":"max-image-preview:large","max-video-preview":"max-video-preview:-1"},"canonical":"https:\/\/shop.hoiamed.ee\/toode\/40-perimenopaus-femarelle-rejuvenate-toidulisand-n56\/","og_locale":"ru_RU","og_type":"article","og_title":"40+ \u041f\u0435\u0440\u0438\u043c\u0435\u043d\u043e\u043f\u0430\u0443\u0437\u0430 Femarelle\u00ae Rejuvenate \u2014 \u0431\u0438\u043e\u043b\u043e\u0433\u0438\u0447\u0435\u0441\u043a\u0438 \u0430\u043a\u0442\u0438\u0432\u043d\u0430\u044f \u0434\u043e\u0431\u0430\u0432\u043a\u0430 \u0434\u043b\u044f \u0436\u0435\u043d\u0449\u0438\u043d 40+, N56 - Hoiamed","og_description":"Femarelle\u00ae Rejuvenate \u2014 \u0431\u0438\u043e\u043b\u043e\u0433\u0438\u0447\u0435\u0441\u043a\u0438 \u0430\u043a\u0442\u0438\u0432\u043d\u0430\u044f \u0434\u043e\u0431\u0430\u0432\u043a\u0430 \u0434\u043b\u044f \u0436\u0435\u043d\u0449\u0438\u043d 40+, \u043f\u043e\u043c\u043e\u0433\u0430\u044e\u0449\u0430\u044f \u0441\u043d\u0438\u0437\u0438\u0442\u044c \u043f\u0435\u0440\u0432\u044b\u0435 \u0441\u0438\u043c\u043f\u0442\u043e\u043c\u044b \u043f\u0435\u0440\u0438\u043c\u0435\u043d\u043e\u043f\u0430\u0443\u0437\u044b \u0438 \u043f\u043e\u0434\u0434\u0435\u0440\u0436\u0438\u0432\u0430\u0442\u044c \u044d\u043d\u0435\u0440\u0433\u0438\u044e \u0438 \u043e\u0431\u0449\u0435\u0435 \u0441\u0430\u043c\u043e\u0447\u0443\u0432\u0441\u0442\u0432\u0438\u0435.","og_url":"https:\/\/shop.hoiamed.ee\/toode\/40-perimenopaus-femarelle-rejuvenate-toidulisand-n56\/","og_site_name":"Hoiamed","article_publisher":"https:\/\/www.facebook.com\/Hoiamed","article_modified_time":"2025-11-16T12:17:39+00:00","og_image":[{"width":1200,"height":1200,"url":"https:\/\/shop.hoiamed.ee\/wp-content\/uploads\/2025\/10\/Femarelle-Rejuvenate-white_-Menopaus-naistele.jpg","type":"image\/jpeg"}],"twitter_card":"summary_large_image","twitter_misc":{"\u041f\u0440\u0438\u043c\u0435\u0440\u043d\u043e\u0435 \u0432\u0440\u0435\u043c\u044f \u0434\u043b\u044f \u0447\u0442\u0435\u043d\u0438\u044f":"1 \u043c\u0438\u043d\u0443\u0442\u0430"},"schema":{"@context":"https:\/\/schema.org","@graph":[{"@type":"WebPage","@id":"https:\/\/shop.hoiamed.ee\/toode\/40-perimenopaus-femarelle-rejuvenate-toidulisand-n56\/","url":"https:\/\/shop.hoiamed.ee\/toode\/40-perimenopaus-femarelle-rejuvenate-toidulisand-n56\/","name":"40+ \u041f\u0435\u0440\u0438\u043c\u0435\u043d\u043e\u043f\u0430\u0443\u0437\u0430 Femarelle\u00ae Rejuvenate \u2014 \u0431\u0438\u043e\u043b\u043e\u0433\u0438\u0447\u0435\u0441\u043a\u0438 \u0430\u043a\u0442\u0438\u0432\u043d\u0430\u044f \u0434\u043e\u0431\u0430\u0432\u043a\u0430 \u0434\u043b\u044f \u0436\u0435\u043d\u0449\u0438\u043d 40+, N56 - Hoiamed","isPartOf":{"@id":"https:\/\/shop.hoiamed.ee\/#website"},"primaryImageOfPage":{"@id":"https:\/\/shop.hoiamed.ee\/toode\/40-perimenopaus-femarelle-rejuvenate-toidulisand-n56\/#primaryimage"},"image":{"@id":"https:\/\/shop.hoiamed.ee\/toode\/40-perimenopaus-femarelle-rejuvenate-toidulisand-n56\/#primaryimage"},"thumbnailUrl":"https:\/\/shop.hoiamed.ee\/wp-content\/uploads\/2025\/10\/Femarelle-Rejuvenate-white_-Menopaus-naistele.jpg","datePublished":"2025-10-31T13:28:31+00:00","dateModified":"2025-11-16T12:17:39+00:00","description":"Femarelle\u00ae Rejuvenate \u2014 \u0431\u0438\u043e\u043b\u043e\u0433\u0438\u0447\u0435\u0441\u043a\u0438 \u0430\u043a\u0442\u0438\u0432\u043d\u0430\u044f \u0434\u043e\u0431\u0430\u0432\u043a\u0430 \u0434\u043b\u044f \u0436\u0435\u043d\u0449\u0438\u043d 40+, \u043f\u043e\u043c\u043e\u0433\u0430\u044e\u0449\u0430\u044f \u0441\u043d\u0438\u0437\u0438\u0442\u044c \u043f\u0435\u0440\u0432\u044b\u0435 \u0441\u0438\u043c\u043f\u0442\u043e\u043c\u044b \u043f\u0435\u0440\u0438\u043c\u0435\u043d\u043e\u043f\u0430\u0443\u0437\u044b \u0438 \u043f\u043e\u0434\u0434\u0435\u0440\u0436\u0438\u0432\u0430\u0442\u044c \u044d\u043d\u0435\u0440\u0433\u0438\u044e \u0438 \u043e\u0431\u0449\u0435\u0435 \u0441\u0430\u043c\u043e\u0447\u0443\u0432\u0441\u0442\u0432\u0438\u0435.","breadcrumb":{"@id":"https:\/\/shop.hoiamed.ee\/toode\/40-perimenopaus-femarelle-rejuvenate-toidulisand-n56\/#breadcrumb"},"inLanguage":"ru-RU","potentialAction":[{"@type":"ReadAction","target":["https:\/\/shop.hoiamed.ee\/toode\/40-perimenopaus-femarelle-rejuvenate-toidulisand-n56\/"]}]},{"@type":"ImageObject","inLanguage":"ru-RU","@id":"https:\/\/shop.hoiamed.ee\/toode\/40-perimenopaus-femarelle-rejuvenate-toidulisand-n56\/#primaryimage","url":"https:\/\/shop.hoiamed.ee\/wp-content\/uploads\/2025\/10\/Femarelle-Rejuvenate-white_-Menopaus-naistele.jpg","contentUrl":"https:\/\/shop.hoiamed.ee\/wp-content\/uploads\/2025\/10\/Femarelle-Rejuvenate-white_-Menopaus-naistele.jpg","width":1200,"height":1200,"caption":"Femarelle Rejuvenate toidulisand perimenopausis naistele - v\u00e4simus, meeleolu k\u00f5ikuine, \u00e4rrituvus ja \u00e4revus"},{"@type":"BreadcrumbList","@id":"https:\/\/shop.hoiamed.ee\/toode\/40-perimenopaus-femarelle-rejuvenate-toidulisand-n56\/#breadcrumb","itemListElement":[{"@type":"ListItem","position":1,"name":"Home","item":"https:\/\/shop.hoiamed.ee\/ru\/"},{"@type":"ListItem","position":2,"name":"\u041a\u0423\u041f\u0418","item":"https:\/\/shop.hoiamed.ee\/%d0%ba%d1%83%d0%bf%d0%b8\/"},{"@type":"ListItem","position":3,"name":"40+ \u041f\u0435\u0440\u0438\u043c\u0435\u043d\u043e\u043f\u0430\u0443\u0437\u0430 Femarelle\u00ae Rejuvenate \u2014 \u0431\u0438\u043e\u043b\u043e\u0433\u0438\u0447\u0435\u0441\u043a\u0438 \u0430\u043a\u0442\u0438\u0432\u043d\u0430\u044f \u0434\u043e\u0431\u0430\u0432\u043a\u0430 \u0434\u043b\u044f \u0436\u0435\u043d\u0449\u0438\u043d 40+, N56"}]},{"@type":"WebSite","@id":"https:\/\/shop.hoiamed.ee\/#website","url":"https:\/\/shop.hoiamed.ee\/","name":"Hoiamed","description":"","publisher":{"@id":"https:\/\/shop.hoiamed.ee\/#organization"},"potentialAction":[{"@type":"SearchAction","target":{"@type":"EntryPoint","urlTemplate":"https:\/\/shop.hoiamed.ee\/?s={search_term_string}"},"query-input":{"@type":"PropertyValueSpecification","valueRequired":true,"valueName":"search_term_string"}}],"inLanguage":"ru-RU"},{"@type":"Organization","@id":"https:\/\/shop.hoiamed.ee\/#organization","name":"Hoiamed","url":"https:\/\/shop.hoiamed.ee\/","logo":{"@type":"ImageObject","inLanguage":"ru-RU","@id":"https:\/\/shop.hoiamed.ee\/#\/schema\/logo\/image\/","url":"https:\/\/shop.hoiamed.ee\/wp-content\/uploads\/2021\/04\/Hoiamed.png","contentUrl":"https:\/\/shop.hoiamed.ee\/wp-content\/uploads\/2021\/04\/Hoiamed.png","width":300,"height":193,"caption":"Hoiamed"},"image":{"@id":"https:\/\/shop.hoiamed.ee\/#\/schema\/logo\/image\/"},"sameAs":["https:\/\/www.facebook.com\/Hoiamed","https:\/\/www.instagram.com\/hoiamed.ee"]}]}},"_links":{"self":[{"href":"https:\/\/shop.hoiamed.ee\/ru\/wp-json\/wp\/v2\/product\/13974","targetHints":{"allow":["GET"]}}],"collection":[{"href":"https:\/\/shop.hoiamed.ee\/ru\/wp-json\/wp\/v2\/product"}],"about":[{"href":"https:\/\/shop.hoiamed.ee\/ru\/wp-json\/wp\/v2\/types\/product"}],"replies":[{"embeddable":true,"href":"https:\/\/shop.hoiamed.ee\/ru\/wp-json\/wp\/v2\/comments?post=13974"}],"wp:featuredmedia":[{"embeddable":true,"href":"https:\/\/shop.hoiamed.ee\/ru\/wp-json\/wp\/v2\/media\/13801"}],"wp:attachment":[{"href":"https:\/\/shop.hoiamed.ee\/ru\/wp-json\/wp\/v2\/media?parent=13974"}],"wp:term":[{"taxonomy":"product_brand","embeddable":true,"href":"https:\/\/shop.hoiamed.ee\/ru\/wp-json\/wp\/v2\/product_brand?post=13974"},{"taxonomy":"product_cat","embeddable":true,"href":"https:\/\/shop.hoiamed.ee\/ru\/wp-json\/wp\/v2\/product_cat?post=13974"},{"taxonomy":"product_tag","embeddable":true,"href":"https:\/\/shop.hoiamed.ee\/ru\/wp-json\/wp\/v2\/product_tag?post=13974"}],"curies":[{"name":"wp","href":"https:\/\/api.w.org\/{rel}","templated":true}]}}