{"id":13024,"date":"2025-07-03T18:35:18","date_gmt":"2025-07-03T15:35:18","guid":{"rendered":"https:\/\/shop.hoiamed.ee\/product\/kuivale-nahale-2-in-1-dermoacm-pesugeel-ja-intensiivkreem\/"},"modified":"2026-04-02T22:48:44","modified_gmt":"2026-04-02T19:48:44","slug":"kuivale-nahale-2-in-1-dermoacm-pesugeel-ja-intensiivkreem","status":"publish","type":"product","link":"https:\/\/shop.hoiamed.ee\/ru\/product\/kuivale-nahale-2-in-1-dermoacm-pesugeel-ja-intensiivkreem\/","title":{"rendered":"Kuivale nahale  2 in 1 &#8212; DermoACM dermatoloogiline pesugeel ja intensiivkreem"},"content":{"rendered":"","protected":false},"excerpt":{"rendered":"<p data-start=\"245\" data-end=\"376\"><span style=\"font-size: 14px;\">Kolmest tootest koosnev hoolduskomplekt, mis aitab taastada ja toetada kuiva, atoopilise v\u00f5i \u00e4rritunud naha tasakaalu igap\u00e4evaselt:<\/span><\/p>\n<h4 data-start=\"736\" data-end=\"781\"><span style=\"font-size: 14px;\">\ud83d\udca7<\/span><span style=\"font-size: 14px;\"><strong data-start=\"391\" data-end=\"430\">DermoACM01 dermatoloogiline pesugeel kehale ja n\u00e4ole &#8212; \u00f5<\/strong><\/span><span style=\"font-size: 14px;\"><strong data-start=\"433\" data-end=\"490\">rn puhastus kuiva, atoopilise ja tundliku naha jaoks<\/strong><\/span><\/h4>\n<ul>\n<li data-start=\"495\" data-end=\"528\"><span style=\"font-size: 14px;\">Puhastab ilma nahka kuivatamata.\u00a0<\/span><span style=\"font-size: 14px;\">Sisaldab biolagunevaid, looduslikku p\u00e4ritolu puhastavaid aineid.\u00a0<\/span><span style=\"font-size: 14px;\">V\u00e4hendab s\u00fcgelust ja pingulolekut.<\/span><\/li>\n<li data-start=\"495\" data-end=\"528\"><span style=\"font-size: 14px;\">Kasutada iga p\u00e4ev pesemiseks \u2013 sobib ka neile, kellel on psoriaas.<\/span><\/li>\n<\/ul>\n<hr data-start=\"731\" data-end=\"734\" \/>\n<h4 data-start=\"736\" data-end=\"781\"><span style=\"font-size: 14px;\">\ud83d\udca7<strong data-start=\"744\" data-end=\"779\"> DermoACM24 taastav kreem &#8212; k<\/strong><\/span><span style=\"font-size: 14px;\"><strong data-start=\"782\" data-end=\"847\">liiniliselt t\u00f5estatud toime s\u00fcgelusele ja naha kuivusele<\/strong><\/span><\/h4>\n<ul>\n<li data-start=\"852\" data-end=\"903\"><span style=\"font-size: 14px;\">V\u00e4hendab s\u00fcgelust juba esimese kasutuskorra j\u00e4rel<\/span><\/li>\n<li data-start=\"906\" data-end=\"956\"><span style=\"font-size: 14px;\">+53,4% niiskustase, -3% veekao v\u00e4henemine (TEWL)<\/span><\/li>\n<li data-start=\"959\" data-end=\"1116\"><span style=\"font-size: 14px;\">Tugevdab nahabarj\u00e4\u00e4ri ja rahustab p\u00f5letikulist nahka. <\/span><span style=\"font-size: 14px;\">Kasutada \u00e4rritunud v\u00f5i s\u00fcgelevale piirkonnale \u2013 sobib \u00e4genemiste ajal v\u00f5i igap\u00e4evaseks hoolduseks.<\/span><\/li>\n<\/ul>\n","protected":false},"featured_media":12786,"comment_status":"open","ping_status":"closed","template":"","meta":[],"product_brand":[261],"product_cat":[222,230],"product_tag":[],"class_list":{"0":"post-13024","1":"product","2":"type-product","3":"status-publish","4":"has-post-thumbnail","6":"product_brand-dermoacm","7":"product_cat-222","8":"product_cat-230","10":"first","11":"instock","12":"sale","13":"taxable","14":"shipping-taxable","15":"purchasable","16":"product-type-woosb"},"yoast_head":"<!-- This site is optimized with the Yoast SEO plugin v27.4 - https:\/\/yoast.com\/product\/yoast-seo-wordpress\/ -->\n<title>Kuivale nahale 2 in 1 - DermoACM dermatoloogiline pesugeel ja intensiivkreem - Hoiamed<\/title>\n<meta name=\"description\" content=\"DermoACM tooteseeria - terviklik lahendus kuivale, ketendavale v\u00f5i atoopilisele nahale. Komplektis dermatoloogiline pesugeel ja s\u00fcgelusvastane intensiivkreem.\" \/>\n<meta name=\"robots\" content=\"index, follow, max-snippet:-1, max-image-preview:large, max-video-preview:-1\" \/>\n<link rel=\"canonical\" href=\"https:\/\/shop.hoiamed.ee\/ru\/product\/kuivale-nahale-2-in-1-dermoacm-pesugeel-ja-intensiivkreem\/\" \/>\n<meta property=\"og:locale\" content=\"ru_RU\" \/>\n<meta property=\"og:type\" content=\"article\" \/>\n<meta property=\"og:title\" content=\"Kuivale nahale 2 in 1 - DermoACM dermatoloogiline pesugeel ja intensiivkreem - Hoiamed\" \/>\n<meta property=\"og:description\" content=\"DermoACM tooteseeria - terviklik lahendus kuivale, ketendavale v\u00f5i atoopilisele nahale. Komplektis dermatoloogiline pesugeel ja s\u00fcgelusvastane intensiivkreem.\" \/>\n<meta property=\"og:url\" content=\"https:\/\/shop.hoiamed.ee\/ru\/product\/kuivale-nahale-2-in-1-dermoacm-pesugeel-ja-intensiivkreem\/\" \/>\n<meta property=\"og:site_name\" content=\"Hoiamed\" \/>\n<meta property=\"article:publisher\" content=\"https:\/\/www.facebook.com\/Hoiamed\" \/>\n<meta property=\"article:modified_time\" content=\"2026-04-02T19:48:44+00:00\" \/>\n<meta property=\"og:image\" content=\"https:\/\/shop.hoiamed.ee\/wp-content\/uploads\/2025\/07\/DermoACM-pesugeel-ja-intensiivkreem-ACM24.png\" \/>\n\t<meta property=\"og:image:width\" content=\"1120\" \/>\n\t<meta property=\"og:image:height\" content=\"1038\" \/>\n\t<meta property=\"og:image:type\" content=\"image\/png\" \/>\n<meta name=\"twitter:card\" content=\"summary_large_image\" \/>\n<meta name=\"twitter:label1\" content=\"\u041f\u0440\u0438\u043c\u0435\u0440\u043d\u043e\u0435 \u0432\u0440\u0435\u043c\u044f \u0434\u043b\u044f \u0447\u0442\u0435\u043d\u0438\u044f\" \/>\n\t<meta name=\"twitter:data1\" content=\"1 \u043c\u0438\u043d\u0443\u0442\u0430\" \/>\n<script type=\"application\/ld+json\" class=\"yoast-schema-graph\">{\"@context\":\"https:\\\/\\\/schema.org\",\"@graph\":[{\"@type\":\"WebPage\",\"@id\":\"https:\\\/\\\/shop.hoiamed.ee\\\/ru\\\/product\\\/kuivale-nahale-2-in-1-dermoacm-pesugeel-ja-intensiivkreem\\\/\",\"url\":\"https:\\\/\\\/shop.hoiamed.ee\\\/ru\\\/product\\\/kuivale-nahale-2-in-1-dermoacm-pesugeel-ja-intensiivkreem\\\/\",\"name\":\"Kuivale nahale 2 in 1 - DermoACM dermatoloogiline pesugeel ja intensiivkreem - Hoiamed\",\"isPartOf\":{\"@id\":\"https:\\\/\\\/shop.hoiamed.ee\\\/#website\"},\"primaryImageOfPage\":{\"@id\":\"https:\\\/\\\/shop.hoiamed.ee\\\/ru\\\/product\\\/kuivale-nahale-2-in-1-dermoacm-pesugeel-ja-intensiivkreem\\\/#primaryimage\"},\"image\":{\"@id\":\"https:\\\/\\\/shop.hoiamed.ee\\\/ru\\\/product\\\/kuivale-nahale-2-in-1-dermoacm-pesugeel-ja-intensiivkreem\\\/#primaryimage\"},\"thumbnailUrl\":\"https:\\\/\\\/shop.hoiamed.ee\\\/wp-content\\\/uploads\\\/2025\\\/07\\\/DermoACM-pesugeel-ja-intensiivkreem-ACM24.png\",\"datePublished\":\"2025-07-03T15:35:18+00:00\",\"dateModified\":\"2026-04-02T19:48:44+00:00\",\"description\":\"DermoACM tooteseeria - terviklik lahendus kuivale, ketendavale v\u00f5i atoopilisele nahale. Komplektis dermatoloogiline pesugeel ja s\u00fcgelusvastane intensiivkreem.\",\"breadcrumb\":{\"@id\":\"https:\\\/\\\/shop.hoiamed.ee\\\/ru\\\/product\\\/kuivale-nahale-2-in-1-dermoacm-pesugeel-ja-intensiivkreem\\\/#breadcrumb\"},\"inLanguage\":\"ru-RU\",\"potentialAction\":[{\"@type\":\"ReadAction\",\"target\":[\"https:\\\/\\\/shop.hoiamed.ee\\\/ru\\\/product\\\/kuivale-nahale-2-in-1-dermoacm-pesugeel-ja-intensiivkreem\\\/\"]}]},{\"@type\":\"ImageObject\",\"inLanguage\":\"ru-RU\",\"@id\":\"https:\\\/\\\/shop.hoiamed.ee\\\/ru\\\/product\\\/kuivale-nahale-2-in-1-dermoacm-pesugeel-ja-intensiivkreem\\\/#primaryimage\",\"url\":\"https:\\\/\\\/shop.hoiamed.ee\\\/wp-content\\\/uploads\\\/2025\\\/07\\\/DermoACM-pesugeel-ja-intensiivkreem-ACM24.png\",\"contentUrl\":\"https:\\\/\\\/shop.hoiamed.ee\\\/wp-content\\\/uploads\\\/2025\\\/07\\\/DermoACM-pesugeel-ja-intensiivkreem-ACM24.png\",\"width\":1120,\"height\":1038},{\"@type\":\"BreadcrumbList\",\"@id\":\"https:\\\/\\\/shop.hoiamed.ee\\\/ru\\\/product\\\/kuivale-nahale-2-in-1-dermoacm-pesugeel-ja-intensiivkreem\\\/#breadcrumb\",\"itemListElement\":[{\"@type\":\"ListItem\",\"position\":1,\"name\":\"Home\",\"item\":\"https:\\\/\\\/shop.hoiamed.ee\\\/ru\\\/\"},{\"@type\":\"ListItem\",\"position\":2,\"name\":\"\u041a\u0423\u041f\u0418\",\"item\":\"https:\\\/\\\/shop.hoiamed.ee\\\/%d0%ba%d1%83%d0%bf%d0%b8\\\/\"},{\"@type\":\"ListItem\",\"position\":3,\"name\":\"Kuivale nahale 2 in 1 &#8212; DermoACM dermatoloogiline pesugeel ja intensiivkreem\"}]},{\"@type\":\"WebSite\",\"@id\":\"https:\\\/\\\/shop.hoiamed.ee\\\/#website\",\"url\":\"https:\\\/\\\/shop.hoiamed.ee\\\/\",\"name\":\"Hoiamed\",\"description\":\"\",\"publisher\":{\"@id\":\"https:\\\/\\\/shop.hoiamed.ee\\\/#organization\"},\"potentialAction\":[{\"@type\":\"SearchAction\",\"target\":{\"@type\":\"EntryPoint\",\"urlTemplate\":\"https:\\\/\\\/shop.hoiamed.ee\\\/?s={search_term_string}\"},\"query-input\":{\"@type\":\"PropertyValueSpecification\",\"valueRequired\":true,\"valueName\":\"search_term_string\"}}],\"inLanguage\":\"ru-RU\"},{\"@type\":\"Organization\",\"@id\":\"https:\\\/\\\/shop.hoiamed.ee\\\/#organization\",\"name\":\"Hoiamed\",\"url\":\"https:\\\/\\\/shop.hoiamed.ee\\\/\",\"logo\":{\"@type\":\"ImageObject\",\"inLanguage\":\"ru-RU\",\"@id\":\"https:\\\/\\\/shop.hoiamed.ee\\\/#\\\/schema\\\/logo\\\/image\\\/\",\"url\":\"https:\\\/\\\/shop.hoiamed.ee\\\/wp-content\\\/uploads\\\/2021\\\/04\\\/Hoiamed.png\",\"contentUrl\":\"https:\\\/\\\/shop.hoiamed.ee\\\/wp-content\\\/uploads\\\/2021\\\/04\\\/Hoiamed.png\",\"width\":300,\"height\":193,\"caption\":\"Hoiamed\"},\"image\":{\"@id\":\"https:\\\/\\\/shop.hoiamed.ee\\\/#\\\/schema\\\/logo\\\/image\\\/\"},\"sameAs\":[\"https:\\\/\\\/www.facebook.com\\\/Hoiamed\",\"https:\\\/\\\/www.instagram.com\\\/hoiamed.ee\"]}]}<\/script>\n<!-- \/ Yoast SEO plugin. -->","yoast_head_json":{"title":"Kuivale nahale 2 in 1 - DermoACM dermatoloogiline pesugeel ja intensiivkreem - Hoiamed","description":"DermoACM tooteseeria - terviklik lahendus kuivale, ketendavale v\u00f5i atoopilisele nahale. Komplektis dermatoloogiline pesugeel ja s\u00fcgelusvastane intensiivkreem.","robots":{"index":"index","follow":"follow","max-snippet":"max-snippet:-1","max-image-preview":"max-image-preview:large","max-video-preview":"max-video-preview:-1"},"canonical":"https:\/\/shop.hoiamed.ee\/ru\/product\/kuivale-nahale-2-in-1-dermoacm-pesugeel-ja-intensiivkreem\/","og_locale":"ru_RU","og_type":"article","og_title":"Kuivale nahale 2 in 1 - DermoACM dermatoloogiline pesugeel ja intensiivkreem - Hoiamed","og_description":"DermoACM tooteseeria - terviklik lahendus kuivale, ketendavale v\u00f5i atoopilisele nahale. Komplektis dermatoloogiline pesugeel ja s\u00fcgelusvastane intensiivkreem.","og_url":"https:\/\/shop.hoiamed.ee\/ru\/product\/kuivale-nahale-2-in-1-dermoacm-pesugeel-ja-intensiivkreem\/","og_site_name":"Hoiamed","article_publisher":"https:\/\/www.facebook.com\/Hoiamed","article_modified_time":"2026-04-02T19:48:44+00:00","og_image":[{"width":1120,"height":1038,"url":"https:\/\/shop.hoiamed.ee\/wp-content\/uploads\/2025\/07\/DermoACM-pesugeel-ja-intensiivkreem-ACM24.png","type":"image\/png"}],"twitter_card":"summary_large_image","twitter_misc":{"\u041f\u0440\u0438\u043c\u0435\u0440\u043d\u043e\u0435 \u0432\u0440\u0435\u043c\u044f \u0434\u043b\u044f \u0447\u0442\u0435\u043d\u0438\u044f":"1 \u043c\u0438\u043d\u0443\u0442\u0430"},"schema":{"@context":"https:\/\/schema.org","@graph":[{"@type":"WebPage","@id":"https:\/\/shop.hoiamed.ee\/ru\/product\/kuivale-nahale-2-in-1-dermoacm-pesugeel-ja-intensiivkreem\/","url":"https:\/\/shop.hoiamed.ee\/ru\/product\/kuivale-nahale-2-in-1-dermoacm-pesugeel-ja-intensiivkreem\/","name":"Kuivale nahale 2 in 1 - DermoACM dermatoloogiline pesugeel ja intensiivkreem - Hoiamed","isPartOf":{"@id":"https:\/\/shop.hoiamed.ee\/#website"},"primaryImageOfPage":{"@id":"https:\/\/shop.hoiamed.ee\/ru\/product\/kuivale-nahale-2-in-1-dermoacm-pesugeel-ja-intensiivkreem\/#primaryimage"},"image":{"@id":"https:\/\/shop.hoiamed.ee\/ru\/product\/kuivale-nahale-2-in-1-dermoacm-pesugeel-ja-intensiivkreem\/#primaryimage"},"thumbnailUrl":"https:\/\/shop.hoiamed.ee\/wp-content\/uploads\/2025\/07\/DermoACM-pesugeel-ja-intensiivkreem-ACM24.png","datePublished":"2025-07-03T15:35:18+00:00","dateModified":"2026-04-02T19:48:44+00:00","description":"DermoACM tooteseeria - terviklik lahendus kuivale, ketendavale v\u00f5i atoopilisele nahale. Komplektis dermatoloogiline pesugeel ja s\u00fcgelusvastane intensiivkreem.","breadcrumb":{"@id":"https:\/\/shop.hoiamed.ee\/ru\/product\/kuivale-nahale-2-in-1-dermoacm-pesugeel-ja-intensiivkreem\/#breadcrumb"},"inLanguage":"ru-RU","potentialAction":[{"@type":"ReadAction","target":["https:\/\/shop.hoiamed.ee\/ru\/product\/kuivale-nahale-2-in-1-dermoacm-pesugeel-ja-intensiivkreem\/"]}]},{"@type":"ImageObject","inLanguage":"ru-RU","@id":"https:\/\/shop.hoiamed.ee\/ru\/product\/kuivale-nahale-2-in-1-dermoacm-pesugeel-ja-intensiivkreem\/#primaryimage","url":"https:\/\/shop.hoiamed.ee\/wp-content\/uploads\/2025\/07\/DermoACM-pesugeel-ja-intensiivkreem-ACM24.png","contentUrl":"https:\/\/shop.hoiamed.ee\/wp-content\/uploads\/2025\/07\/DermoACM-pesugeel-ja-intensiivkreem-ACM24.png","width":1120,"height":1038},{"@type":"BreadcrumbList","@id":"https:\/\/shop.hoiamed.ee\/ru\/product\/kuivale-nahale-2-in-1-dermoacm-pesugeel-ja-intensiivkreem\/#breadcrumb","itemListElement":[{"@type":"ListItem","position":1,"name":"Home","item":"https:\/\/shop.hoiamed.ee\/ru\/"},{"@type":"ListItem","position":2,"name":"\u041a\u0423\u041f\u0418","item":"https:\/\/shop.hoiamed.ee\/%d0%ba%d1%83%d0%bf%d0%b8\/"},{"@type":"ListItem","position":3,"name":"Kuivale nahale 2 in 1 &#8212; DermoACM dermatoloogiline pesugeel ja intensiivkreem"}]},{"@type":"WebSite","@id":"https:\/\/shop.hoiamed.ee\/#website","url":"https:\/\/shop.hoiamed.ee\/","name":"Hoiamed","description":"","publisher":{"@id":"https:\/\/shop.hoiamed.ee\/#organization"},"potentialAction":[{"@type":"SearchAction","target":{"@type":"EntryPoint","urlTemplate":"https:\/\/shop.hoiamed.ee\/?s={search_term_string}"},"query-input":{"@type":"PropertyValueSpecification","valueRequired":true,"valueName":"search_term_string"}}],"inLanguage":"ru-RU"},{"@type":"Organization","@id":"https:\/\/shop.hoiamed.ee\/#organization","name":"Hoiamed","url":"https:\/\/shop.hoiamed.ee\/","logo":{"@type":"ImageObject","inLanguage":"ru-RU","@id":"https:\/\/shop.hoiamed.ee\/#\/schema\/logo\/image\/","url":"https:\/\/shop.hoiamed.ee\/wp-content\/uploads\/2021\/04\/Hoiamed.png","contentUrl":"https:\/\/shop.hoiamed.ee\/wp-content\/uploads\/2021\/04\/Hoiamed.png","width":300,"height":193,"caption":"Hoiamed"},"image":{"@id":"https:\/\/shop.hoiamed.ee\/#\/schema\/logo\/image\/"},"sameAs":["https:\/\/www.facebook.com\/Hoiamed","https:\/\/www.instagram.com\/hoiamed.ee"]}]}},"_links":{"self":[{"href":"https:\/\/shop.hoiamed.ee\/ru\/wp-json\/wp\/v2\/product\/13024","targetHints":{"allow":["GET"]}}],"collection":[{"href":"https:\/\/shop.hoiamed.ee\/ru\/wp-json\/wp\/v2\/product"}],"about":[{"href":"https:\/\/shop.hoiamed.ee\/ru\/wp-json\/wp\/v2\/types\/product"}],"replies":[{"embeddable":true,"href":"https:\/\/shop.hoiamed.ee\/ru\/wp-json\/wp\/v2\/comments?post=13024"}],"wp:featuredmedia":[{"embeddable":true,"href":"https:\/\/shop.hoiamed.ee\/ru\/wp-json\/wp\/v2\/media\/12786"}],"wp:attachment":[{"href":"https:\/\/shop.hoiamed.ee\/ru\/wp-json\/wp\/v2\/media?parent=13024"}],"wp:term":[{"taxonomy":"product_brand","embeddable":true,"href":"https:\/\/shop.hoiamed.ee\/ru\/wp-json\/wp\/v2\/product_brand?post=13024"},{"taxonomy":"product_cat","embeddable":true,"href":"https:\/\/shop.hoiamed.ee\/ru\/wp-json\/wp\/v2\/product_cat?post=13024"},{"taxonomy":"product_tag","embeddable":true,"href":"https:\/\/shop.hoiamed.ee\/ru\/wp-json\/wp\/v2\/product_tag?post=13024"}],"curies":[{"name":"wp","href":"https:\/\/api.w.org\/{rel}","templated":true}]}}