{"id":12984,"date":"2025-07-30T23:30:56","date_gmt":"2025-07-30T20:30:56","guid":{"rendered":"https:\/\/shop.hoiamed.ee\/product\/uus-unikaalne-pelviplus-toidulisand-taasta-kontroll-intiimpiirkonnas\/"},"modified":"2026-04-16T09:49:36","modified_gmt":"2026-04-16T06:49:36","slug":"n-e-w-unique-dermoxen-pelviplus-food-supplement-now-in-estonia","status":"publish","type":"product","link":"https:\/\/shop.hoiamed.ee\/en\/product\/n-e-w-unique-dermoxen-pelviplus-food-supplement-now-in-estonia\/","title":{"rendered":"N E W !   Unique Dermoxen Pelviplus food supplement  &#8211; now in Estonia"},"content":{"rendered":"<p data-start=\"792\" data-end=\"1062\"><span style=\"font-size: 14px;\"><em>Dermoxen Pelviplus on spetsiaalselt naistele loodud toidulisand, mis toetab vaagnap\u00f5hja ja p\u00f5ie heaolu igap\u00e4evaselt.<\/em><\/span><\/p>\n<p><span style=\"font-size: 14px;\"><em><span style=\"color: #800080;\"><strong>Dirext action on muscles &#8211; Urocollagen Complex<\/strong><\/span><\/em><\/span><\/p>\n<ol>\n<li><span style=\"font-size: 14px;\"><em><strong>COLLAGEN &#8211; <\/strong>After the menopause, thinning of the endopelvic fascia can occur, leading to the development of\u00a0pelvic floor weakness. The administration of a collagen supplement supports the strength of the pelvic\u00a0floor by counteracting thinning due to a lack of collagen.<\/em><\/span><\/li>\n<li><em style=\"font-size: 14px;\"><strong>MAGNESIUM<\/strong>&#8211; plays a crucial role in muscle relaxation and nerve function, which can help alleviate tension and spasms in the pelvic floor muscles5.<\/em><\/li>\n<li><em style=\"font-size: 14px;\"><strong>VITAMIN D <\/strong>&#8211; is important to enhance muscle function and strength6,7.<\/em><\/li>\n<\/ol>\n<p><span style=\"font-size: 14px;\"><em><strong>CREATINE<\/strong> &#8211;\u00a0is a naturally occurring compound found in the body, primarily in muscle cells. It enhances energy metabolism by increasing ATP availability, which is crucial for muscle contractions.<\/em><\/span><\/p>\n<p><span style=\"font-size: 14px;\"><em><span style=\"color: #800080;\"><strong>Action on urinary tract functionality<\/strong><\/span><\/em><\/span><\/p>\n<p><span style=\"font-size: 14px;\"><em><strong>HORSETAIL EXTRACT<\/strong>&#8211; (Equisetum arvense) titrated at 2% in silica, it supports connective tissue and also contributes\u00a0to the functionality of the urinary tract by increasing urinary volume and helping to flush\u00a0bacteria out of the urinary tract.<\/em><\/span><\/p>\n<p><span style=\"font-size: 14px;\"><em><strong>CRANBERRY EXTRACT &#8211; <\/strong>titrated at 10% in Proanthocyanidins (PACs). Research shows that PACs, particularly A-type\u00a0PACs, of Proanthocyanidins which cranberries are a rich source, support urinary tract health.<\/em><\/span><\/p>\n<p><span style=\"font-size: 14px;\"><em><span style=\"color: #800080;\"><strong>Action against menopause symptoms<\/strong><\/span><\/em><\/span><\/p>\n<p><span style=\"font-size: 14px;\"><em>CIMICIFUGA EXTRACT &#8211;\u00a0titrated at 2.5% in saponines, it contains active ingredients that are useful in reducing the symptoms typical of the menopause like sleep disorders, night sweats and hot flashes.<\/em><\/span><\/p>\n","protected":false},"excerpt":{"rendered":"<p data-start=\"46\" data-end=\"214\"><span style=\"font-size: 14px;\"><strong data-start=\"46\" data-end=\"214\">Dermoxen Pelviplus is designed for women who feel that their body needs a little extra support for recovery, to feel free, confident, and to engage in the things they truly love.<\/strong><\/span><\/p>\n<p data-start=\"216\" data-end=\"345\"><span style=\"font-size: 14px;\">The first clinically proven supplement, Dermoxen Pelviplus is created to support every woman, regardless of age, who experiences:<\/span><\/p>\n<p data-start=\"347\" data-end=\"444\"><span style=\"font-size: 14px;\">\u2714\ufe0f Urinary incontinence when laughing, coughing, or exercising (stress and\/or urge incontinence);<\/span><\/p>\n<p data-start=\"446\" data-end=\"478\"><span style=\"font-size: 14px;\">\u2714\ufe0f Pelvic floor muscle weakness;<\/span><\/p>\n<p data-start=\"480\" data-end=\"553\"><span style=\"font-size: 14px;\">\u2714\ufe0f Decreased estrogen levels and collagen reduction in connective tissue;<\/span><\/p>\n<p data-start=\"555\" data-end=\"591\"><span style=\"font-size: 14px;\">\u2714\ufe0f Reduced muscle tone and function;<\/span><\/p>\n<p data-start=\"593\" data-end=\"650\"><span style=\"font-size: 14px;\">\u2714\ufe0f Decreased muscle control due to a sedentary lifestyle.<\/span><\/p>\n<p data-start=\"652\" data-end=\"820\"><span style=\"font-size: 14px;\">The unique Urocollagen\u2122 complex, combined with natural extracts, helps support muscle tone and normal urinary tract function, restoring internal balance and confidence.<\/span><\/p>\n<p data-start=\"822\" data-end=\"984\"><span style=\"font-size: 14px;\">\u2714\ufe0f <strong>Clinical proven efficacy\u2013<\/strong> Dermoxen Pelviplus, combined with Kegel exercises, reduces urinary incontinence symptoms by 64% and improves quality of life by 76%.<\/span><\/p>\n<p data-start=\"822\" data-end=\"984\"><strong><span style=\"font-size: 14px;\">P.S. Take PelviPlus for 2 months and keep the results even better by adding daily Kegel exercises \u2013 a small effort, but a big boost to your confidence.<\/span><\/strong><\/p>\n<p data-start=\"986\" data-end=\"1111\"><span style=\"font-size: 14px;\">Pelviplus is your everyday ally when you want to feel free, feminine, and confident \u2013 no matter what stage of life you&#8217;re in.<\/span><\/p>\n<p data-start=\"1113\" data-end=\"1219\" data-is-last-node=\"\" data-is-only-node=\"\"><span style=\"font-size: 14px;\">Package: 30 pcs x 2,5 gr. Gluten- and lactose-free. Fresh lemon flavor. Developed and manufactured in Italy.<\/span><\/p>\n","protected":false},"featured_media":12978,"comment_status":"open","ping_status":"closed","template":"","meta":[],"product_brand":[],"product_cat":[242,165,246],"product_tag":[],"class_list":{"0":"post-12984","1":"product","2":"type-product","3":"status-publish","4":"has-post-thumbnail","6":"product_cat-dermoxen-tooted-en","7":"product_cat-incontinents","8":"product_cat-supplements","10":"first","11":"instock","12":"taxable","13":"shipping-taxable","14":"purchasable","15":"product-type-simple"},"yoast_head":"<!-- This site is optimized with the Yoast SEO plugin v27.4 - https:\/\/yoast.com\/product\/yoast-seo-wordpress\/ -->\n<title>N E W !  Unique Dermoxen Pelviplus food supplement - now in Estonia - Hoiamed<\/title>\n<meta name=\"description\" content=\"Dermoxen PelviPlus \u2013 a unique supplement now available in Estonia.The first clinically proven food supplement that strengthens pelvic floor muscles and helps reduce symptoms of urinary incontinence.\" \/>\n<meta name=\"robots\" content=\"index, follow, max-snippet:-1, max-image-preview:large, max-video-preview:-1\" \/>\n<link rel=\"canonical\" href=\"https:\/\/shop.hoiamed.ee\/en\/product\/n-e-w-unique-dermoxen-pelviplus-food-supplement-now-in-estonia\/\" \/>\n<meta property=\"og:locale\" content=\"en_US\" \/>\n<meta property=\"og:type\" content=\"article\" \/>\n<meta property=\"og:title\" content=\"N E W !  Unique Dermoxen Pelviplus food supplement - now in Estonia - Hoiamed\" \/>\n<meta property=\"og:description\" content=\"Dermoxen PelviPlus \u2013 a unique supplement now available in Estonia.The first clinically proven food supplement that strengthens pelvic floor muscles and helps reduce symptoms of urinary incontinence.\" \/>\n<meta property=\"og:url\" content=\"https:\/\/shop.hoiamed.ee\/en\/product\/n-e-w-unique-dermoxen-pelviplus-food-supplement-now-in-estonia\/\" \/>\n<meta property=\"og:site_name\" content=\"Hoiamed\" \/>\n<meta property=\"article:publisher\" content=\"https:\/\/www.facebook.com\/Hoiamed\" \/>\n<meta property=\"article:modified_time\" content=\"2026-04-16T06:49:36+00:00\" \/>\n<meta property=\"og:image\" content=\"https:\/\/shop.hoiamed.ee\/wp-content\/uploads\/2025\/07\/Dermoxen-PelviPlus-Food-suplement-for-her_toidulisand.jpg\" \/>\n\t<meta property=\"og:image:width\" content=\"1500\" \/>\n\t<meta property=\"og:image:height\" content=\"1500\" \/>\n\t<meta property=\"og:image:type\" content=\"image\/jpeg\" \/>\n<meta name=\"twitter:card\" content=\"summary_large_image\" \/>\n<meta name=\"twitter:label1\" content=\"Est. reading time\" \/>\n\t<meta name=\"twitter:data1\" content=\"2 minutes\" \/>\n<script type=\"application\/ld+json\" class=\"yoast-schema-graph\">{\"@context\":\"https:\\\/\\\/schema.org\",\"@graph\":[{\"@type\":\"WebPage\",\"@id\":\"https:\\\/\\\/shop.hoiamed.ee\\\/en\\\/product\\\/n-e-w-unique-dermoxen-pelviplus-food-supplement-now-in-estonia\\\/\",\"url\":\"https:\\\/\\\/shop.hoiamed.ee\\\/en\\\/product\\\/n-e-w-unique-dermoxen-pelviplus-food-supplement-now-in-estonia\\\/\",\"name\":\"N E W ! Unique Dermoxen Pelviplus food supplement - now in Estonia - Hoiamed\",\"isPartOf\":{\"@id\":\"https:\\\/\\\/shop.hoiamed.ee\\\/#website\"},\"primaryImageOfPage\":{\"@id\":\"https:\\\/\\\/shop.hoiamed.ee\\\/en\\\/product\\\/n-e-w-unique-dermoxen-pelviplus-food-supplement-now-in-estonia\\\/#primaryimage\"},\"image\":{\"@id\":\"https:\\\/\\\/shop.hoiamed.ee\\\/en\\\/product\\\/n-e-w-unique-dermoxen-pelviplus-food-supplement-now-in-estonia\\\/#primaryimage\"},\"thumbnailUrl\":\"https:\\\/\\\/shop.hoiamed.ee\\\/wp-content\\\/uploads\\\/2025\\\/07\\\/Dermoxen-PelviPlus-Food-suplement-for-her_toidulisand.jpg\",\"datePublished\":\"2025-07-30T20:30:56+00:00\",\"dateModified\":\"2026-04-16T06:49:36+00:00\",\"description\":\"Dermoxen PelviPlus \u2013 a unique supplement now available in Estonia.The first clinically proven food supplement that strengthens pelvic floor muscles and helps reduce symptoms of urinary incontinence.\",\"breadcrumb\":{\"@id\":\"https:\\\/\\\/shop.hoiamed.ee\\\/en\\\/product\\\/n-e-w-unique-dermoxen-pelviplus-food-supplement-now-in-estonia\\\/#breadcrumb\"},\"inLanguage\":\"en-US\",\"potentialAction\":[{\"@type\":\"ReadAction\",\"target\":[\"https:\\\/\\\/shop.hoiamed.ee\\\/en\\\/product\\\/n-e-w-unique-dermoxen-pelviplus-food-supplement-now-in-estonia\\\/\"]}]},{\"@type\":\"ImageObject\",\"inLanguage\":\"en-US\",\"@id\":\"https:\\\/\\\/shop.hoiamed.ee\\\/en\\\/product\\\/n-e-w-unique-dermoxen-pelviplus-food-supplement-now-in-estonia\\\/#primaryimage\",\"url\":\"https:\\\/\\\/shop.hoiamed.ee\\\/wp-content\\\/uploads\\\/2025\\\/07\\\/Dermoxen-PelviPlus-Food-suplement-for-her_toidulisand.jpg\",\"contentUrl\":\"https:\\\/\\\/shop.hoiamed.ee\\\/wp-content\\\/uploads\\\/2025\\\/07\\\/Dermoxen-PelviPlus-Food-suplement-for-her_toidulisand.jpg\",\"width\":1500,\"height\":1500},{\"@type\":\"BreadcrumbList\",\"@id\":\"https:\\\/\\\/shop.hoiamed.ee\\\/en\\\/product\\\/n-e-w-unique-dermoxen-pelviplus-food-supplement-now-in-estonia\\\/#breadcrumb\",\"itemListElement\":[{\"@type\":\"ListItem\",\"position\":1,\"name\":\"Home\",\"item\":\"https:\\\/\\\/shop.hoiamed.ee\\\/en\\\/\"},{\"@type\":\"ListItem\",\"position\":2,\"name\":\"Shop\",\"item\":\"https:\\\/\\\/shop.hoiamed.ee\\\/en\\\/shop\\\/\"},{\"@type\":\"ListItem\",\"position\":3,\"name\":\"N E W ! Unique Dermoxen Pelviplus food supplement &#8211; now in Estonia\"}]},{\"@type\":\"WebSite\",\"@id\":\"https:\\\/\\\/shop.hoiamed.ee\\\/#website\",\"url\":\"https:\\\/\\\/shop.hoiamed.ee\\\/\",\"name\":\"Hoiamed\",\"description\":\"\",\"publisher\":{\"@id\":\"https:\\\/\\\/shop.hoiamed.ee\\\/#organization\"},\"potentialAction\":[{\"@type\":\"SearchAction\",\"target\":{\"@type\":\"EntryPoint\",\"urlTemplate\":\"https:\\\/\\\/shop.hoiamed.ee\\\/?s={search_term_string}\"},\"query-input\":{\"@type\":\"PropertyValueSpecification\",\"valueRequired\":true,\"valueName\":\"search_term_string\"}}],\"inLanguage\":\"en-US\"},{\"@type\":\"Organization\",\"@id\":\"https:\\\/\\\/shop.hoiamed.ee\\\/#organization\",\"name\":\"Hoiamed\",\"url\":\"https:\\\/\\\/shop.hoiamed.ee\\\/\",\"logo\":{\"@type\":\"ImageObject\",\"inLanguage\":\"en-US\",\"@id\":\"https:\\\/\\\/shop.hoiamed.ee\\\/#\\\/schema\\\/logo\\\/image\\\/\",\"url\":\"https:\\\/\\\/shop.hoiamed.ee\\\/wp-content\\\/uploads\\\/2021\\\/04\\\/Hoiamed.png\",\"contentUrl\":\"https:\\\/\\\/shop.hoiamed.ee\\\/wp-content\\\/uploads\\\/2021\\\/04\\\/Hoiamed.png\",\"width\":300,\"height\":193,\"caption\":\"Hoiamed\"},\"image\":{\"@id\":\"https:\\\/\\\/shop.hoiamed.ee\\\/#\\\/schema\\\/logo\\\/image\\\/\"},\"sameAs\":[\"https:\\\/\\\/www.facebook.com\\\/Hoiamed\",\"https:\\\/\\\/www.instagram.com\\\/hoiamed.ee\"]}]}<\/script>\n<!-- \/ Yoast SEO plugin. -->","yoast_head_json":{"title":"N E W !  Unique Dermoxen Pelviplus food supplement - now in Estonia - Hoiamed","description":"Dermoxen PelviPlus \u2013 a unique supplement now available in Estonia.The first clinically proven food supplement that strengthens pelvic floor muscles and helps reduce symptoms of urinary incontinence.","robots":{"index":"index","follow":"follow","max-snippet":"max-snippet:-1","max-image-preview":"max-image-preview:large","max-video-preview":"max-video-preview:-1"},"canonical":"https:\/\/shop.hoiamed.ee\/en\/product\/n-e-w-unique-dermoxen-pelviplus-food-supplement-now-in-estonia\/","og_locale":"en_US","og_type":"article","og_title":"N E W !  Unique Dermoxen Pelviplus food supplement - now in Estonia - Hoiamed","og_description":"Dermoxen PelviPlus \u2013 a unique supplement now available in Estonia.The first clinically proven food supplement that strengthens pelvic floor muscles and helps reduce symptoms of urinary incontinence.","og_url":"https:\/\/shop.hoiamed.ee\/en\/product\/n-e-w-unique-dermoxen-pelviplus-food-supplement-now-in-estonia\/","og_site_name":"Hoiamed","article_publisher":"https:\/\/www.facebook.com\/Hoiamed","article_modified_time":"2026-04-16T06:49:36+00:00","og_image":[{"width":1500,"height":1500,"url":"https:\/\/shop.hoiamed.ee\/wp-content\/uploads\/2025\/07\/Dermoxen-PelviPlus-Food-suplement-for-her_toidulisand.jpg","type":"image\/jpeg"}],"twitter_card":"summary_large_image","twitter_misc":{"Est. reading time":"2 minutes"},"schema":{"@context":"https:\/\/schema.org","@graph":[{"@type":"WebPage","@id":"https:\/\/shop.hoiamed.ee\/en\/product\/n-e-w-unique-dermoxen-pelviplus-food-supplement-now-in-estonia\/","url":"https:\/\/shop.hoiamed.ee\/en\/product\/n-e-w-unique-dermoxen-pelviplus-food-supplement-now-in-estonia\/","name":"N E W ! Unique Dermoxen Pelviplus food supplement - now in Estonia - Hoiamed","isPartOf":{"@id":"https:\/\/shop.hoiamed.ee\/#website"},"primaryImageOfPage":{"@id":"https:\/\/shop.hoiamed.ee\/en\/product\/n-e-w-unique-dermoxen-pelviplus-food-supplement-now-in-estonia\/#primaryimage"},"image":{"@id":"https:\/\/shop.hoiamed.ee\/en\/product\/n-e-w-unique-dermoxen-pelviplus-food-supplement-now-in-estonia\/#primaryimage"},"thumbnailUrl":"https:\/\/shop.hoiamed.ee\/wp-content\/uploads\/2025\/07\/Dermoxen-PelviPlus-Food-suplement-for-her_toidulisand.jpg","datePublished":"2025-07-30T20:30:56+00:00","dateModified":"2026-04-16T06:49:36+00:00","description":"Dermoxen PelviPlus \u2013 a unique supplement now available in Estonia.The first clinically proven food supplement that strengthens pelvic floor muscles and helps reduce symptoms of urinary incontinence.","breadcrumb":{"@id":"https:\/\/shop.hoiamed.ee\/en\/product\/n-e-w-unique-dermoxen-pelviplus-food-supplement-now-in-estonia\/#breadcrumb"},"inLanguage":"en-US","potentialAction":[{"@type":"ReadAction","target":["https:\/\/shop.hoiamed.ee\/en\/product\/n-e-w-unique-dermoxen-pelviplus-food-supplement-now-in-estonia\/"]}]},{"@type":"ImageObject","inLanguage":"en-US","@id":"https:\/\/shop.hoiamed.ee\/en\/product\/n-e-w-unique-dermoxen-pelviplus-food-supplement-now-in-estonia\/#primaryimage","url":"https:\/\/shop.hoiamed.ee\/wp-content\/uploads\/2025\/07\/Dermoxen-PelviPlus-Food-suplement-for-her_toidulisand.jpg","contentUrl":"https:\/\/shop.hoiamed.ee\/wp-content\/uploads\/2025\/07\/Dermoxen-PelviPlus-Food-suplement-for-her_toidulisand.jpg","width":1500,"height":1500},{"@type":"BreadcrumbList","@id":"https:\/\/shop.hoiamed.ee\/en\/product\/n-e-w-unique-dermoxen-pelviplus-food-supplement-now-in-estonia\/#breadcrumb","itemListElement":[{"@type":"ListItem","position":1,"name":"Home","item":"https:\/\/shop.hoiamed.ee\/en\/"},{"@type":"ListItem","position":2,"name":"Shop","item":"https:\/\/shop.hoiamed.ee\/en\/shop\/"},{"@type":"ListItem","position":3,"name":"N E W ! Unique Dermoxen Pelviplus food supplement &#8211; now in Estonia"}]},{"@type":"WebSite","@id":"https:\/\/shop.hoiamed.ee\/#website","url":"https:\/\/shop.hoiamed.ee\/","name":"Hoiamed","description":"","publisher":{"@id":"https:\/\/shop.hoiamed.ee\/#organization"},"potentialAction":[{"@type":"SearchAction","target":{"@type":"EntryPoint","urlTemplate":"https:\/\/shop.hoiamed.ee\/?s={search_term_string}"},"query-input":{"@type":"PropertyValueSpecification","valueRequired":true,"valueName":"search_term_string"}}],"inLanguage":"en-US"},{"@type":"Organization","@id":"https:\/\/shop.hoiamed.ee\/#organization","name":"Hoiamed","url":"https:\/\/shop.hoiamed.ee\/","logo":{"@type":"ImageObject","inLanguage":"en-US","@id":"https:\/\/shop.hoiamed.ee\/#\/schema\/logo\/image\/","url":"https:\/\/shop.hoiamed.ee\/wp-content\/uploads\/2021\/04\/Hoiamed.png","contentUrl":"https:\/\/shop.hoiamed.ee\/wp-content\/uploads\/2021\/04\/Hoiamed.png","width":300,"height":193,"caption":"Hoiamed"},"image":{"@id":"https:\/\/shop.hoiamed.ee\/#\/schema\/logo\/image\/"},"sameAs":["https:\/\/www.facebook.com\/Hoiamed","https:\/\/www.instagram.com\/hoiamed.ee"]}]}},"_links":{"self":[{"href":"https:\/\/shop.hoiamed.ee\/en\/wp-json\/wp\/v2\/product\/12984","targetHints":{"allow":["GET"]}}],"collection":[{"href":"https:\/\/shop.hoiamed.ee\/en\/wp-json\/wp\/v2\/product"}],"about":[{"href":"https:\/\/shop.hoiamed.ee\/en\/wp-json\/wp\/v2\/types\/product"}],"replies":[{"embeddable":true,"href":"https:\/\/shop.hoiamed.ee\/en\/wp-json\/wp\/v2\/comments?post=12984"}],"wp:featuredmedia":[{"embeddable":true,"href":"https:\/\/shop.hoiamed.ee\/en\/wp-json\/wp\/v2\/media\/12978"}],"wp:attachment":[{"href":"https:\/\/shop.hoiamed.ee\/en\/wp-json\/wp\/v2\/media?parent=12984"}],"wp:term":[{"taxonomy":"product_brand","embeddable":true,"href":"https:\/\/shop.hoiamed.ee\/en\/wp-json\/wp\/v2\/product_brand?post=12984"},{"taxonomy":"product_cat","embeddable":true,"href":"https:\/\/shop.hoiamed.ee\/en\/wp-json\/wp\/v2\/product_cat?post=12984"},{"taxonomy":"product_tag","embeddable":true,"href":"https:\/\/shop.hoiamed.ee\/en\/wp-json\/wp\/v2\/product_tag?post=12984"}],"curies":[{"name":"wp","href":"https:\/\/api.w.org\/{rel}","templated":true}]}}