{"id":8841,"date":"2020-02-25T08:21:14","date_gmt":"2020-02-25T08:21:14","guid":{"rendered":"https:\/\/shop.hoiamed.ee\/meist\/"},"modified":"2020-02-25T08:21:14","modified_gmt":"2020-02-25T08:21:14","slug":"meist","status":"publish","type":"page","link":"https:\/\/shop.hoiamed.ee\/en\/meist\/","title":{"rendered":"MEIST"},"content":{"rendered":"<h2>MEIST<\/h2>\n<p style=\"text-align: center;\">Kirjutage meile\u00a0<a style=\"color: #ffffff;\" href=\"mailto:info@hoiamed.com\" target=\"_blank\" rel=\"noopener\">info@shop.hoiamed.ee<\/a><\/p>\n<h1><b>Meie lugu<\/b><\/h1>\n<h1 style=\"--porto-h1-ff: 'Poppins'; --porto-h1-fw: 700; --porto-h1-fs: 36px; --porto-h1-lh: 44px; font: var(--porto-h1-fst,normal) var(--porto-h1-fw,700) var(--porto-h1-fs,2.6em)\/var(--porto-h1-lh,44px) var(--porto-h1-ff,var(--porto-body-ff)),sans-serif; font-style: normal; font-variant-caps: normal;\"><strong>H<\/strong>\u00a0&#8211; Health\u00a0I\u00a0<strong>O<\/strong>\u00a0&#8211; Opportunity \u00a0I\u00a0\u00a0<b>I<\/b>\u00a0&#8211; \u00a0inspiration I\u00a0<b>A<\/b>\u00a0\u2013 Awareness<\/h1>\n<p>Kuigi HoiaMed on veel noor, siis tegelikult\u00a0meie\u00a0lugu ulatub aastate taha. See, kes me meeskonnana oleme t\u00e4na, on kujunenud l\u00e4bi \u00a0koost\u00f6\u00f6projektide ja mis veel olulisem, l\u00e4bi varasema koos t\u00f6\u00f6tamise kogemuse.\u00a0Me ei ole lihtsalt kolm kolleegi, me teame teineteist l\u00e4bi ja l\u00f5hki, tunneme oma tugevusi ja n\u00f5rkuseid; teame, mis meid s\u00fctitab ja mille puhul tuleb aeg maha v\u00f5tta ja arutleda. Sellep\u00e4rast saamegi kombineerida ja pakkuda just selliseid oskusi ja lahendusi, mis ettev\u00f5tteid k\u00f5ige paremal viisil turul edasi viivad.<\/p>\n<p>Meie silmapaistvat kogemuste pagasit t\u00e4iendab s\u00e4ra, tahe, j\u00f5ud ja ambitsioon tegutseda. Me kavatseme neid loomuomadusi hoida ja kavatseme p\u00fcsida v\u00e4rskena ka siis, kui oleme juba aastaid turul tegutsenud.<\/p>\n<h2>Reilika Paas<\/h2>\n<p><a href=\"https:\/\/www.linkedin.com\/in\/reilika-paas\/\" target=\"_blank\" rel=\"noopener\"><br \/>\nLinkedin<br \/>\n<\/a><\/p>\n<p>Co-founder\/tootejuht\u00a0 \u00a0&#8211; \u00a0<strong><a style=\"font-family: var( --e-global-typography-primary-font-family ), Poppins; font-weight: 400; letter-spacing: var(--porto-body-ls,0);\" href=\"mailto:reilika@shop.hoiamed.ee\">reilika@shop.hoiamed.ee\u00a0 &#8211; \u00a0<\/a><\/strong>+372 5592 2663<\/p>\n<p>Reilika on viimased 17 aastat koordineerinud ning juhtinud mahukaid mitmeaastaseid arendusprojekte, millest viimased 10 aastat on ta p\u00fchendanud rahvusvahelistele meditsiini-alastele teadusprojektide koordineerimisele ja juhtimisele. Reilika k\u00e4e l\u00e4bi on rahastatud teadusprojekte rohkem kui 20 miljoni EUR ulatuses, t\u00e4nu millele on ta lihvinud oma p\u00f5hioskusi\u00a0 alates meeskonna v\u00e4rbamisest, hanke protsessides osalemisest kuni l\u00f5petades finantsplaneerimise ja strateegilise juhtimisega. Reilika omab laia kontaktv\u00f5rgustikku erialaspetsilistidest, teaduritest ja tippkonsultantidest rahvusvahelisel tasandil.<\/p>\n<p><b>P\u00f5hikompetentsid: <\/b>\u00a0projektide juhtimine, strateegiline planeerimine, eelarvestamine, \u00a0statistilised anal\u00fc\u00fcsid, tehniliste raportite kirjutamine, m\u00fc\u00fcgitekstide ettevalmistus, MSA, hankekorraldus, turundustegevuste korraldus.<\/p>\n<p><img fetchpriority=\"high\" decoding=\"async\" src=\"https:\/\/shop.hoiamed.ee\/wp-content\/uploads\/2021\/04\/3a.png\" sizes=\"(max-width: 469px) 100vw, 469px\" srcset=\"https:\/\/shop.hoiamed.ee\/wp-content\/uploads\/2021\/04\/3a.png 469w, https:\/\/shop.hoiamed.ee\/wp-content\/uploads\/2021\/04\/3a-400x361.png 400w\" alt=\"\" width=\"469\" height=\"423\" \/><br \/>\n<img decoding=\"async\" src=\"https:\/\/shop.hoiamed.ee\/wp-content\/uploads\/2021\/04\/2a.png\" sizes=\"(max-width: 469px) 100vw, 469px\" srcset=\"https:\/\/shop.hoiamed.ee\/wp-content\/uploads\/2021\/04\/2a.png 469w, https:\/\/shop.hoiamed.ee\/wp-content\/uploads\/2021\/04\/2a-400x361.png 400w\" alt=\"\" width=\"469\" height=\"423\" \/><\/p>\n<h2>Kaira P\u00e4renson<\/h2>\n<p><a href=\"https:\/\/www.linkedin.com\/in\/kaira-p\u00e4renson\/\" target=\"_blank\" rel=\"noopener\"><br \/>\nLinkedin<br \/>\n<\/a><\/p>\n<p>Co-founder\/Tootejuht\u00a0 &#8211;\u00a0 <a href=\"mailto:kaira@shop.hoiamed.ee\">kaira@shop.hoiamed.ee\u00a0 &#8211; \u00a0<\/a>+372 53090793<\/p>\n<p>Enam kui 15 aastat t\u00f6\u00f6tanud erinevates meditsiinitarvikuid ning \u2013 seadmeid tootvates ning edasimu\u0308u\u0308vates ettev\u00f5tetes \u2013 nii mu\u0308u\u0308gijuhina, tootejuhi kui ka \u00a0br\u00e4ndijuhina, kattes selliseid valdkondi nagu oftalmoloogia, ortopeedia, neuroloogia, gu\u0308nekoloogia, kardioloogia, laboritarvikud\/analu\u0308saatorid, meditsiiniliste j\u00e4\u00e4tmete k\u00e4itlus. Viimasel 5 aastal on Kaira t\u00f6\u00f6kohtadega seoses keskendunud lisaks Eestile ka Baltikumi, Skandinaavia ja Poola turule. Kairale pole v\u00f5\u00f5ras ka rahvusvahelistel messidel osalemine, tootjate esindamine ja temaatiliste koolituste ning seminaride l\u00e4biviimine.<\/p>\n<p><strong>P\u00f5hikompetentsid:<\/strong> turuanal\u00fc\u00fcsid, strateegiline juhtimine, pika-ajalised m\u00fc\u00fcgitaktikad ja protsessid, l\u00e4bir\u00e4\u00e4kimised, hangete ettevalmistus, osalemine ja teenendamine.<\/p>\n<h2>BRITTA HANSMAN<\/h2>\n<p><a target=\"_blank\" rel=\"noopener\"><br \/>\nLinkedin<br \/>\n<\/a><\/p>\n<p>Tootejuht\u00a0 &#8211;\u00a0 <a style=\"font-family: var( --e-global-typography-primary-font-family ), Poppins; font-weight: 400; letter-spacing: var(--porto-body-ls,0);\" href=\"mailto:britta@shop.hoiamed.ee\">britta@shop.hoiamed.ee\u00a0 &#8211; \u00a0<\/a>+372 53\u00a0497\u00a0501<\/p>\n<p>Britta on meditsiinisektoris tegutsenud \u00fcle 15 aasta. Britta tunneb end superh\u00e4sti nii ravimite kui ka meditsiiniseadmete ja -tarvikute m\u00fc\u00fcgis. Britta on t\u00e4itnud erinevaid funktsioone alustades ravimiesindaja, tootejuhi ja kliendihaldurina ning l\u00f5petades m\u00fc\u00fcgi-ja turundusjuhi rolliga, kattes sealjuures selliseid valdkondi nagu kardioloogia, g\u00fcnekoloogia, uroloogia jpm. Britta suurim projekt on apteegiketi ja selle br\u00e4ndi \u00fclesehitamine ning nendele ka planogrammide valmistamine. Samas s\u00fcdamel\u00e4hedaseim projekt on olnud stoomi patsientide abistamine n\u00f5ustaja rollis. Britta on t\u00e4iendanud ennast m\u00fc\u00fcgi- ja turundusalaselt Eestis, L\u00e4tis, Leedus, Poolas,Soomes ja Saksamaal ning tunneb ennast superh\u00e4sti tootealaste koolituste l\u00e4biviimisel.<\/p>\n<p><b>P\u00f5hikompetentsid:<\/b> m\u00fc\u00fck ladudele ja apteekidele, l\u00e4bir\u00e4\u00e4kimised spetsialistidega, tooteesitlused, v\u00e4lja\u00f5ppe korraldus, turundusmaterjalide ettevalmistus.<\/p>\n<p>&nbsp;<\/p>\n<p><img decoding=\"async\" src=\"https:\/\/shop.hoiamed.ee\/wp-content\/uploads\/2021\/04\/1.png\" sizes=\"(max-width: 469px) 100vw, 469px\" srcset=\"https:\/\/shop.hoiamed.ee\/wp-content\/uploads\/2021\/04\/1.png 469w, https:\/\/shop.hoiamed.ee\/wp-content\/uploads\/2021\/04\/1-400x386.png 400w\" alt=\"\" width=\"469\" height=\"452\" \/><\/p>\n<p>Soovid osa v\u00e4rskusest?<\/p>\n<p>HoiaMed ei karda n\u00e4idata oma meeskonna n\u00e4gu, me jagame, mis on l\u00e4inud h\u00e4sti, mis on l\u00e4inud halvasti\u00a0 &#8211; ehk jagame teiega oma lugu.\u00a0Kui Sa tahad meid \u201ehead-huntida\u201c, siis v\u00f5ite seda julgelt teha, tulge \u201ejahtige\u201c kasv\u00f5i tervet meeskonda, sest me oleme avatud igasugustele valdkondlikele koost\u00f6\u00f6vormidele ja ettepanekutele.<\/p>\n<p>Kui aga Sul on \u00fcletamatu soov muutuste j\u00e4rele ja tahad, et oleksid \u00fcks osa HoiaMed loost, siis meie uks on avatud \u2013 tule ja r\u00e4\u00e4gime!<\/p>\n<p>357+SPETSIALISTI KONTAKTV\u00d5RGUSTIKUS<br \/>\n24HTUGI SAADAVAL<br \/>\n265+KOHVITASSI PARTNERITEGA JOODUD<br \/>\n99%POSITIVE REVIEWS<\/p>\n","protected":false},"excerpt":{"rendered":"<p>MEIST Kirjutage meile\u00a0info@shop.hoiamed.ee Meie lugu H\u00a0&#8211; Health\u00a0I\u00a0O\u00a0&#8211; Opportunity \u00a0I\u00a0\u00a0I\u00a0&#8211; \u00a0inspiration I\u00a0A\u00a0\u2013 Awareness Kuigi HoiaMed on veel noor, siis tegelikult\u00a0meie\u00a0lugu ulatub aastate taha. See, kes me meeskonnana oleme t\u00e4na, on kujunenud l\u00e4bi \u00a0koost\u00f6\u00f6projektide ja mis veel olulisem, l\u00e4bi varasema koos t\u00f6\u00f6tamise kogemuse.\u00a0Me ei ole lihtsalt kolm kolleegi, me teame teineteist l\u00e4bi ja l\u00f5hki, tunneme oma tugevusi [&hellip;]<\/p>\n","protected":false},"author":2,"featured_media":0,"parent":0,"menu_order":0,"comment_status":"closed","ping_status":"closed","template":"","meta":{"footnotes":""},"class_list":["post-8841","page","type-page","status-publish","hentry"],"yoast_head":"<!-- This site is optimized with the Yoast SEO plugin v27.4 - https:\/\/yoast.com\/product\/yoast-seo-wordpress\/ -->\n<title>MEIST - Hoiamed<\/title>\n<meta name=\"robots\" content=\"index, follow, max-snippet:-1, max-image-preview:large, max-video-preview:-1\" \/>\n<link rel=\"canonical\" href=\"https:\/\/shop.hoiamed.ee\/en\/meist\/\" \/>\n<meta property=\"og:locale\" content=\"en_US\" \/>\n<meta property=\"og:type\" content=\"article\" \/>\n<meta property=\"og:title\" content=\"MEIST - Hoiamed\" \/>\n<meta property=\"og:description\" content=\"MEIST Kirjutage meile\u00a0info@shop.hoiamed.ee Meie lugu H\u00a0&#8211; Health\u00a0I\u00a0O\u00a0&#8211; Opportunity \u00a0I\u00a0\u00a0I\u00a0&#8211; \u00a0inspiration I\u00a0A\u00a0\u2013 Awareness Kuigi HoiaMed on veel noor, siis tegelikult\u00a0meie\u00a0lugu ulatub aastate taha. See, kes me meeskonnana oleme t\u00e4na, on kujunenud l\u00e4bi \u00a0koost\u00f6\u00f6projektide ja mis veel olulisem, l\u00e4bi varasema koos t\u00f6\u00f6tamise kogemuse.\u00a0Me ei ole lihtsalt kolm kolleegi, me teame teineteist l\u00e4bi ja l\u00f5hki, tunneme oma tugevusi [&hellip;]\" \/>\n<meta property=\"og:url\" content=\"https:\/\/shop.hoiamed.ee\/en\/meist\/\" \/>\n<meta property=\"og:site_name\" content=\"Hoiamed\" \/>\n<meta property=\"article:publisher\" content=\"https:\/\/www.facebook.com\/Hoiamed\" \/>\n<meta property=\"og:image\" content=\"https:\/\/shop.hoiamed.ee\/wp-content\/uploads\/2021\/04\/3a.png\" \/>\n<meta name=\"twitter:card\" content=\"summary_large_image\" \/>\n<meta name=\"twitter:label1\" content=\"Est. reading time\" \/>\n\t<meta name=\"twitter:data1\" content=\"3 minutes\" \/>\n<script type=\"application\/ld+json\" class=\"yoast-schema-graph\">{\"@context\":\"https:\\\/\\\/schema.org\",\"@graph\":[{\"@type\":\"WebPage\",\"@id\":\"https:\\\/\\\/shop.hoiamed.ee\\\/en\\\/meist\\\/\",\"url\":\"https:\\\/\\\/shop.hoiamed.ee\\\/en\\\/meist\\\/\",\"name\":\"MEIST - Hoiamed\",\"isPartOf\":{\"@id\":\"https:\\\/\\\/shop.hoiamed.ee\\\/#website\"},\"primaryImageOfPage\":{\"@id\":\"https:\\\/\\\/shop.hoiamed.ee\\\/en\\\/meist\\\/#primaryimage\"},\"image\":{\"@id\":\"https:\\\/\\\/shop.hoiamed.ee\\\/en\\\/meist\\\/#primaryimage\"},\"thumbnailUrl\":\"https:\\\/\\\/shop.hoiamed.ee\\\/wp-content\\\/uploads\\\/2021\\\/04\\\/3a.png\",\"datePublished\":\"2020-02-25T08:21:14+00:00\",\"breadcrumb\":{\"@id\":\"https:\\\/\\\/shop.hoiamed.ee\\\/en\\\/meist\\\/#breadcrumb\"},\"inLanguage\":\"en-US\",\"potentialAction\":[{\"@type\":\"ReadAction\",\"target\":[\"https:\\\/\\\/shop.hoiamed.ee\\\/en\\\/meist\\\/\"]}]},{\"@type\":\"ImageObject\",\"inLanguage\":\"en-US\",\"@id\":\"https:\\\/\\\/shop.hoiamed.ee\\\/en\\\/meist\\\/#primaryimage\",\"url\":\"https:\\\/\\\/shop.hoiamed.ee\\\/wp-content\\\/uploads\\\/2021\\\/04\\\/3a.png\",\"contentUrl\":\"https:\\\/\\\/shop.hoiamed.ee\\\/wp-content\\\/uploads\\\/2021\\\/04\\\/3a.png\"},{\"@type\":\"BreadcrumbList\",\"@id\":\"https:\\\/\\\/shop.hoiamed.ee\\\/en\\\/meist\\\/#breadcrumb\",\"itemListElement\":[{\"@type\":\"ListItem\",\"position\":1,\"name\":\"Home\",\"item\":\"https:\\\/\\\/shop.hoiamed.ee\\\/en\\\/\"},{\"@type\":\"ListItem\",\"position\":2,\"name\":\"MEIST\"}]},{\"@type\":\"WebSite\",\"@id\":\"https:\\\/\\\/shop.hoiamed.ee\\\/#website\",\"url\":\"https:\\\/\\\/shop.hoiamed.ee\\\/\",\"name\":\"Hoiamed\",\"description\":\"\",\"publisher\":{\"@id\":\"https:\\\/\\\/shop.hoiamed.ee\\\/#organization\"},\"potentialAction\":[{\"@type\":\"SearchAction\",\"target\":{\"@type\":\"EntryPoint\",\"urlTemplate\":\"https:\\\/\\\/shop.hoiamed.ee\\\/?s={search_term_string}\"},\"query-input\":{\"@type\":\"PropertyValueSpecification\",\"valueRequired\":true,\"valueName\":\"search_term_string\"}}],\"inLanguage\":\"en-US\"},{\"@type\":\"Organization\",\"@id\":\"https:\\\/\\\/shop.hoiamed.ee\\\/#organization\",\"name\":\"Hoiamed\",\"url\":\"https:\\\/\\\/shop.hoiamed.ee\\\/\",\"logo\":{\"@type\":\"ImageObject\",\"inLanguage\":\"en-US\",\"@id\":\"https:\\\/\\\/shop.hoiamed.ee\\\/#\\\/schema\\\/logo\\\/image\\\/\",\"url\":\"https:\\\/\\\/shop.hoiamed.ee\\\/wp-content\\\/uploads\\\/2021\\\/04\\\/Hoiamed.png\",\"contentUrl\":\"https:\\\/\\\/shop.hoiamed.ee\\\/wp-content\\\/uploads\\\/2021\\\/04\\\/Hoiamed.png\",\"width\":300,\"height\":193,\"caption\":\"Hoiamed\"},\"image\":{\"@id\":\"https:\\\/\\\/shop.hoiamed.ee\\\/#\\\/schema\\\/logo\\\/image\\\/\"},\"sameAs\":[\"https:\\\/\\\/www.facebook.com\\\/Hoiamed\",\"https:\\\/\\\/www.instagram.com\\\/hoiamed.ee\"]}]}<\/script>\n<!-- \/ Yoast SEO plugin. -->","yoast_head_json":{"title":"MEIST - Hoiamed","robots":{"index":"index","follow":"follow","max-snippet":"max-snippet:-1","max-image-preview":"max-image-preview:large","max-video-preview":"max-video-preview:-1"},"canonical":"https:\/\/shop.hoiamed.ee\/en\/meist\/","og_locale":"en_US","og_type":"article","og_title":"MEIST - Hoiamed","og_description":"MEIST Kirjutage meile\u00a0info@shop.hoiamed.ee Meie lugu H\u00a0&#8211; Health\u00a0I\u00a0O\u00a0&#8211; Opportunity \u00a0I\u00a0\u00a0I\u00a0&#8211; \u00a0inspiration I\u00a0A\u00a0\u2013 Awareness Kuigi HoiaMed on veel noor, siis tegelikult\u00a0meie\u00a0lugu ulatub aastate taha. See, kes me meeskonnana oleme t\u00e4na, on kujunenud l\u00e4bi \u00a0koost\u00f6\u00f6projektide ja mis veel olulisem, l\u00e4bi varasema koos t\u00f6\u00f6tamise kogemuse.\u00a0Me ei ole lihtsalt kolm kolleegi, me teame teineteist l\u00e4bi ja l\u00f5hki, tunneme oma tugevusi [&hellip;]","og_url":"https:\/\/shop.hoiamed.ee\/en\/meist\/","og_site_name":"Hoiamed","article_publisher":"https:\/\/www.facebook.com\/Hoiamed","og_image":[{"url":"https:\/\/shop.hoiamed.ee\/wp-content\/uploads\/2021\/04\/3a.png","type":"","width":"","height":""}],"twitter_card":"summary_large_image","twitter_misc":{"Est. reading time":"3 minutes"},"schema":{"@context":"https:\/\/schema.org","@graph":[{"@type":"WebPage","@id":"https:\/\/shop.hoiamed.ee\/en\/meist\/","url":"https:\/\/shop.hoiamed.ee\/en\/meist\/","name":"MEIST - Hoiamed","isPartOf":{"@id":"https:\/\/shop.hoiamed.ee\/#website"},"primaryImageOfPage":{"@id":"https:\/\/shop.hoiamed.ee\/en\/meist\/#primaryimage"},"image":{"@id":"https:\/\/shop.hoiamed.ee\/en\/meist\/#primaryimage"},"thumbnailUrl":"https:\/\/shop.hoiamed.ee\/wp-content\/uploads\/2021\/04\/3a.png","datePublished":"2020-02-25T08:21:14+00:00","breadcrumb":{"@id":"https:\/\/shop.hoiamed.ee\/en\/meist\/#breadcrumb"},"inLanguage":"en-US","potentialAction":[{"@type":"ReadAction","target":["https:\/\/shop.hoiamed.ee\/en\/meist\/"]}]},{"@type":"ImageObject","inLanguage":"en-US","@id":"https:\/\/shop.hoiamed.ee\/en\/meist\/#primaryimage","url":"https:\/\/shop.hoiamed.ee\/wp-content\/uploads\/2021\/04\/3a.png","contentUrl":"https:\/\/shop.hoiamed.ee\/wp-content\/uploads\/2021\/04\/3a.png"},{"@type":"BreadcrumbList","@id":"https:\/\/shop.hoiamed.ee\/en\/meist\/#breadcrumb","itemListElement":[{"@type":"ListItem","position":1,"name":"Home","item":"https:\/\/shop.hoiamed.ee\/en\/"},{"@type":"ListItem","position":2,"name":"MEIST"}]},{"@type":"WebSite","@id":"https:\/\/shop.hoiamed.ee\/#website","url":"https:\/\/shop.hoiamed.ee\/","name":"Hoiamed","description":"","publisher":{"@id":"https:\/\/shop.hoiamed.ee\/#organization"},"potentialAction":[{"@type":"SearchAction","target":{"@type":"EntryPoint","urlTemplate":"https:\/\/shop.hoiamed.ee\/?s={search_term_string}"},"query-input":{"@type":"PropertyValueSpecification","valueRequired":true,"valueName":"search_term_string"}}],"inLanguage":"en-US"},{"@type":"Organization","@id":"https:\/\/shop.hoiamed.ee\/#organization","name":"Hoiamed","url":"https:\/\/shop.hoiamed.ee\/","logo":{"@type":"ImageObject","inLanguage":"en-US","@id":"https:\/\/shop.hoiamed.ee\/#\/schema\/logo\/image\/","url":"https:\/\/shop.hoiamed.ee\/wp-content\/uploads\/2021\/04\/Hoiamed.png","contentUrl":"https:\/\/shop.hoiamed.ee\/wp-content\/uploads\/2021\/04\/Hoiamed.png","width":300,"height":193,"caption":"Hoiamed"},"image":{"@id":"https:\/\/shop.hoiamed.ee\/#\/schema\/logo\/image\/"},"sameAs":["https:\/\/www.facebook.com\/Hoiamed","https:\/\/www.instagram.com\/hoiamed.ee"]}]}},"_links":{"self":[{"href":"https:\/\/shop.hoiamed.ee\/en\/wp-json\/wp\/v2\/pages\/8841","targetHints":{"allow":["GET"]}}],"collection":[{"href":"https:\/\/shop.hoiamed.ee\/en\/wp-json\/wp\/v2\/pages"}],"about":[{"href":"https:\/\/shop.hoiamed.ee\/en\/wp-json\/wp\/v2\/types\/page"}],"author":[{"embeddable":true,"href":"https:\/\/shop.hoiamed.ee\/en\/wp-json\/wp\/v2\/users\/2"}],"replies":[{"embeddable":true,"href":"https:\/\/shop.hoiamed.ee\/en\/wp-json\/wp\/v2\/comments?post=8841"}],"version-history":[{"count":0,"href":"https:\/\/shop.hoiamed.ee\/en\/wp-json\/wp\/v2\/pages\/8841\/revisions"}],"wp:attachment":[{"href":"https:\/\/shop.hoiamed.ee\/en\/wp-json\/wp\/v2\/media?parent=8841"}],"curies":[{"name":"wp","href":"https:\/\/api.w.org\/{rel}","templated":true}]}}