{"id":8840,"date":"2022-11-14T08:11:32","date_gmt":"2022-11-14T08:11:32","guid":{"rendered":"https:\/\/shop.hoiamed.ee\/meie-teenused\/"},"modified":"2022-11-14T08:11:32","modified_gmt":"2022-11-14T08:11:32","slug":"meie-teenused","status":"publish","type":"page","link":"https:\/\/shop.hoiamed.ee\/en\/meie-teenused\/","title":{"rendered":"Meie teenused"},"content":{"rendered":"<h2>meie TEENUSED<\/h2>\n<p style=\"text-align: center;\">Kirjutage meile\u00a0<a style=\"color: #ffffff;\" href=\"mailto:info@hoiamed.com\" target=\"_blank\" rel=\"noopener\">info@shop.hoiamed.ee<\/a><\/p>\n<ul>\n<li>&nbsp;<b>\u00dclevaatlik turuanal\u00fc\u00fcs<\/b><\/li>\n<\/ul>\n<p style=\"font-weight: 400;\">Turuanal\u00fc\u00fcs on k\u00f5ige lihtsam vahend enda \u00e4ri positsioneerimiseks turul nii, et olla konkurentsiv\u00f5imeline ning j\u00f5uda vajalike sihtgruppideni. Me pooldame turu\u00fclevaadet, mis on konkreetne, mille p\u00f5hjal saab teha lihtsaid strateegilisi otsuseid ning seada realistlikke eesm\u00e4rke. Olulised m\u00e4rks\u00f5nad: valdkondlik \u00fclevaade, seotud valdkondlikud organisatsioonid, konkureerivad ettev\u00f5tted ja tooted, hinnad ja hinnastamine, k\u00f5ige olulisem on aga sisend&nbsp; sidusgruppidelt \u2013 info valdkondlikelt spetsialistidelt ja l\u00f5pptarbijatelt<\/p>\n<ul>\n<li><strong>Tehniline tugi<\/strong><\/li>\n<\/ul>\n<p style=\"font-weight: 400;\">Kohalikule turule sisenemiseks uute meditsiini seadmetega, tuleb meditsiini seadmete levitamisest teavitada kohalikke asutusi See t\u00e4hendab, et ideaalses korras peavad olema turule lastud meditsiiniseadmete dokumentatsioon. Me aitame \u00fcle vaadata toote dokumentatsiooni ning t\u00f5lked, pakendim\u00e4rgistuse ja t\u00f5lked, registreerime dokumendid ning hoiame kiiret kommunikatsioon vastavate asutustega.<\/p>\n<ul>\n<li><strong>F2F kohtumised<em> \u2013<\/em><\/strong> <b>olulisim investeering<\/b><\/li>\n<\/ul>\n<p style=\"font-weight: 400;\">Kuigi muudatustega \u00fchiskonnas on kodukontor muutunud tavap\u00e4raseks, on F2F kohtumised endiselt aluseks tugevate koost\u00f6\u00f6suhete loomiseks, usalduse kasvatamiseks ja loomulikult professionaalse kujundi loomiseks ettev\u00f5ttest.&nbsp;Alustame <i>sales lead<\/i>-ide kaardistamisest, kohtumise ettevalmistustest (tootekoolitused ja v\u00e4lja\u00f5pe, strateegiline l\u00e4henemine) ja kohtumistel osalemine kuni m\u00fc\u00fcgitegevuse eduka l\u00f5petamiseni m\u00f5\u00f5detava tulemina. Olgu selleks siis m\u00fc\u00fcgitehing, leping v\u00f5i tellimused.<\/p>\n<ul>\n<li><strong>Hanketeenused ja riigihangete juriidiline n\u00f5ustamine<\/strong><\/li>\n<\/ul>\n<p style=\"font-weight: 400;\">Hanketeenus v\u00f5imaldab ettev\u00f5tetel osaleda kohalikel hangetel l\u00e4bi HoiaMed meeskonna, kellel on juba pikaaegne hangetel osalemise kogemus (aastast 2004). Enne kui p\u00e4riselt hankel osaleda eelneb sellele spetsiifiliste hangete \u00fclevaade, hangete j\u00e4lgimine ning ettepanekud hankel osalemiseks. Positiivse otsuse korral algab dokumentide ettevalmistus \u2013 hankedokumendite detailne \u00fclevaade ja anal\u00fc\u00fcs, hankedokumentide t\u00f5lket\u00f6\u00f6d ettev\u00f5tjale (vajadusel), sobivate toodete valik ja vastavuse kontroll vastavalt s\u00e4testatud tehnilistele tingimustele,&nbsp; hankedokumendite vormistamine, ametliku teabevahetuse koordineerimine hankekorraldaja ja ettev\u00f5tte vahel. Vajadusel kaasame riigihangete-alast juriidilist n\u00f5ustamist.<\/p>\n<ul>\n<li><strong>Hangete koordineerimine<\/strong><\/li>\n<\/ul>\n<p style=\"font-weight: 400;\">Olenemata sellest, kas HoiaMed on esindanud ettev\u00f5tet hanke esitamise protsessis v\u00f5i mitte, pakume hangete koordineerimise teenust. See t\u00e4hendab hankelepingu koordineerimist kuni selle eduka l\u00f5ppemiseni. T\u00f6\u00f6 algab hankelepingu dokumentatsiooni ja pakkumise&nbsp; \u00fclevaatamist ja detailide kaardistamisega, j\u00e4rgneb ametlik suhtlus, toodete v\u00e4lja\u00f5ppe korraldus Hankijale (kui on n\u00f5utud), kaupade liikumise koordineerimine, dokumentatsiooni korrashoid ja arhiveerimine, kiire ja professionaalne tellimuste koordineerimine hankija ja ettev\u00f5tte vahel. Hankelepingute professionaalne t\u00e4itmine tugevdab ettev\u00f5tte positsiooni ja referentse turul.<\/p>\n<ul>\n<li><strong>Toodete presenteerimine n\u00e4itustel\/seminaridel<\/strong><\/li>\n<\/ul>\n<p>See on otsene kokkupuude potentsiaalsete klientidega ja suurep\u00e4rane v\u00f5imalus koost\u00f6\u00f6suhete loomiseks. N\u00e4itustel osalemine n\u00e4itab ettev\u00f5tte kohalolekut turul ja aitab luua ettev\u00f5ttest just sellise kuvandi, mis kasvatab usaldust ettev\u00f5tte vastu ja huvi koost\u00f6\u00f6ks.&nbsp; Soovitame esmalt l\u00e4bi viia valdkondliku turuanal\u00fc\u00fcs, siis j\u00e4tkame \u00fcrituste kaardistamisega ning materjalide ettevalmistustega, toodete v\u00e4lja\u00f5ppe l\u00e4bimine ning materjalide l\u00e4bit\u00f6\u00f6tamine, osalemine n\u00e4itusel ning tagasiside kokkuv\u00f5te.<\/p>\n<ul>\n<li><b>Turundustegevused<\/b><\/li>\n<\/ul>\n<p style=\"font-weight: 400;\">K\u00f5ik ettekujutletavad alates turundusauditist, br\u00e4ndiarendusest ja turundusstrateegiast kuni turundus\/reklaami kampaaniate tehnilise teostamise ja juhtimiseni. Paneme kokku parima turundustegevuste r\u00e4tseplahenduse.<\/p>\n<ul>\n<li><b>Projektide juhtimine<\/b><\/li>\n<\/ul>\n<p style=\"font-weight: 400;\">Meie meeskond omab ligi 15-aastast keerukate teadusalaste projektide juhtimiskogemust &nbsp;rahvusvahelisel tasemel.&nbsp;See t\u00e4hendab oskust hallata kogu projektijuhtimise protsessi alates idee kaardistusest, eelarvestamisest, projekti tegevuste koordineerimisest kuni tehniliste raportite kirjutamiseni. Projektijuhtimise kogemust saab rakendada mistahes valdkonnas, kui on olemas oskused l\u00e4bir\u00e4\u00e4kimisteks ning kokkulepete tegemiseks, oskus planeerida aega ja tegevusi, m\u00f5elda ja tegutseda strateegiliselt, omada &nbsp;tehnilist ekspertiisi v\u00f5i oskus seda kaasata, v\u00f5ime kiirelt adapteeruda ning m\u00f5elda kastist v\u00e4lja lahenduste otsimisel.<\/p>\n<p>\t\t\t\t\t\t\t\t\t\t\t\t<img loading=\"lazy\" decoding=\"async\" width=\"469\" height=\"423\" src=\"https:\/\/shop.hoiamed.ee\/wp-content\/uploads\/2021\/04\/3a.png\" alt=\"\" loading=\"lazy\" srcset=\"https:\/\/shop.hoiamed.ee\/wp-content\/uploads\/2021\/04\/3a.png 469w, https:\/\/shop.hoiamed.ee\/wp-content\/uploads\/2021\/04\/3a-400x361.png 400w\" sizes=\"auto, (max-width: 469px) 100vw, 469px\" \/>\t\t\t\t\t\t\t\t\t\t\t\t\t\t<\/p>\n<h3 style=\"\">Reilika Paas<\/h3>\n<p> <!-- header --><\/p>\n<p style=\"font-weight: 400;\">Co-founder\/tootejuht<\/p>\n<p style=\"font-weight: 400;\">+372 5592 2663<\/p>\n<p style=\"font-weight: 400;\"><a href=\"mailto:reilika@shop.hoiamed.ee\">reilika@shop.hoiamed.ee<\/a><\/p>\n<p> <!-- description --><!-- porto-sicon-box --><br \/>\n\t\t\t\t\t\t\t\t\t\t\t\t<img loading=\"lazy\" decoding=\"async\" width=\"469\" height=\"423\" src=\"https:\/\/shop.hoiamed.ee\/wp-content\/uploads\/2021\/04\/2a.png\" alt=\"\" loading=\"lazy\" srcset=\"https:\/\/shop.hoiamed.ee\/wp-content\/uploads\/2021\/04\/2a.png 469w, https:\/\/shop.hoiamed.ee\/wp-content\/uploads\/2021\/04\/2a-400x361.png 400w\" sizes=\"auto, (max-width: 469px) 100vw, 469px\" \/>\t\t\t\t\t\t\t\t\t\t\t\t\t\t<\/p>\n<h3 style=\"\">Kaira P\u00e4renson<\/h3>\n<p> <!-- header --><\/p>\n<p style=\"font-weight: 400;\">Co-founder\/tootejuht<\/p>\n<p style=\"font-weight: 400;\">+ 372 5309 0793<\/p>\n<p style=\"font-weight: 400;\"><a href=\"mailto:kaira@shop.hoiamed.ee\">kaira@shop.hoiamed.ee<\/a><\/p>\n<p> <!-- description --><!-- porto-sicon-box --><br \/>\n\t\t\t\t\t\t\t\t\t\t\t\t<img loading=\"lazy\" decoding=\"async\" width=\"468\" height=\"427\" src=\"https:\/\/shop.hoiamed.ee\/wp-content\/uploads\/2021\/04\/1a.png\" alt=\"\" loading=\"lazy\" srcset=\"https:\/\/shop.hoiamed.ee\/wp-content\/uploads\/2021\/04\/1a.png 468w, https:\/\/shop.hoiamed.ee\/wp-content\/uploads\/2021\/04\/1a-400x365.png 400w\" sizes=\"auto, (max-width: 468px) 100vw, 468px\" \/>\t\t\t\t\t\t\t\t\t\t\t\t\t\t<\/p>\n<h3 style=\"\">Britta Hansman<\/h3>\n<p> <!-- header --><\/p>\n<p style=\"font-weight: 400;\">Tootejuht<\/p>\n<p style=\"font-weight: 400;\">+372 5349 7501<\/p>\n<p style=\"font-weight: 400;\"><a href=\"mailto:britta@shop.hoiamed.ee\">britta@shop.hoiamed.ee<\/a><\/p>\n<p> <!-- description --><!-- porto-sicon-box --><\/p>\n","protected":false},"excerpt":{"rendered":"<p>meie TEENUSED Kirjutage meile\u00a0info@shop.hoiamed.ee &nbsp;\u00dclevaatlik turuanal\u00fc\u00fcs Turuanal\u00fc\u00fcs on k\u00f5ige lihtsam vahend enda \u00e4ri positsioneerimiseks turul nii, et olla konkurentsiv\u00f5imeline ning j\u00f5uda vajalike sihtgruppideni. Me pooldame turu\u00fclevaadet, mis on konkreetne, mille p\u00f5hjal saab teha lihtsaid strateegilisi otsuseid ning seada realistlikke eesm\u00e4rke. Olulised m\u00e4rks\u00f5nad: valdkondlik \u00fclevaade, seotud valdkondlikud organisatsioonid, konkureerivad ettev\u00f5tted ja tooted, hinnad ja hinnastamine, k\u00f5ige [&hellip;]<\/p>\n","protected":false},"author":2,"featured_media":0,"parent":0,"menu_order":0,"comment_status":"closed","ping_status":"closed","template":"","meta":{"footnotes":""},"class_list":["post-8840","page","type-page","status-publish","hentry"],"yoast_head":"<!-- This site is optimized with the Yoast SEO plugin v27.4 - https:\/\/yoast.com\/product\/yoast-seo-wordpress\/ -->\n<title>Meie teenused - Hoiamed<\/title>\n<meta name=\"robots\" content=\"index, follow, max-snippet:-1, max-image-preview:large, max-video-preview:-1\" \/>\n<link rel=\"canonical\" href=\"https:\/\/shop.hoiamed.ee\/en\/meie-teenused\/\" \/>\n<meta property=\"og:locale\" content=\"en_US\" \/>\n<meta property=\"og:type\" content=\"article\" \/>\n<meta property=\"og:title\" content=\"Meie teenused - Hoiamed\" \/>\n<meta property=\"og:description\" content=\"meie TEENUSED Kirjutage meile\u00a0info@shop.hoiamed.ee &nbsp;\u00dclevaatlik turuanal\u00fc\u00fcs Turuanal\u00fc\u00fcs on k\u00f5ige lihtsam vahend enda \u00e4ri positsioneerimiseks turul nii, et olla konkurentsiv\u00f5imeline ning j\u00f5uda vajalike sihtgruppideni. Me pooldame turu\u00fclevaadet, mis on konkreetne, mille p\u00f5hjal saab teha lihtsaid strateegilisi otsuseid ning seada realistlikke eesm\u00e4rke. Olulised m\u00e4rks\u00f5nad: valdkondlik \u00fclevaade, seotud valdkondlikud organisatsioonid, konkureerivad ettev\u00f5tted ja tooted, hinnad ja hinnastamine, k\u00f5ige [&hellip;]\" \/>\n<meta property=\"og:url\" content=\"https:\/\/shop.hoiamed.ee\/en\/meie-teenused\/\" \/>\n<meta property=\"og:site_name\" content=\"Hoiamed\" \/>\n<meta property=\"article:publisher\" content=\"https:\/\/www.facebook.com\/Hoiamed\" \/>\n<meta property=\"og:image\" content=\"https:\/\/shop.hoiamed.ee\/wp-content\/uploads\/2021\/04\/3a.png\" \/>\n<meta name=\"twitter:card\" content=\"summary_large_image\" \/>\n<meta name=\"twitter:label1\" content=\"Est. reading time\" \/>\n\t<meta name=\"twitter:data1\" content=\"3 minutes\" \/>\n<script type=\"application\/ld+json\" class=\"yoast-schema-graph\">{\"@context\":\"https:\\\/\\\/schema.org\",\"@graph\":[{\"@type\":\"WebPage\",\"@id\":\"https:\\\/\\\/shop.hoiamed.ee\\\/en\\\/meie-teenused\\\/\",\"url\":\"https:\\\/\\\/shop.hoiamed.ee\\\/en\\\/meie-teenused\\\/\",\"name\":\"Meie teenused - Hoiamed\",\"isPartOf\":{\"@id\":\"https:\\\/\\\/shop.hoiamed.ee\\\/#website\"},\"primaryImageOfPage\":{\"@id\":\"https:\\\/\\\/shop.hoiamed.ee\\\/en\\\/meie-teenused\\\/#primaryimage\"},\"image\":{\"@id\":\"https:\\\/\\\/shop.hoiamed.ee\\\/en\\\/meie-teenused\\\/#primaryimage\"},\"thumbnailUrl\":\"https:\\\/\\\/shop.hoiamed.ee\\\/wp-content\\\/uploads\\\/2021\\\/04\\\/3a.png\",\"datePublished\":\"2022-11-14T08:11:32+00:00\",\"breadcrumb\":{\"@id\":\"https:\\\/\\\/shop.hoiamed.ee\\\/en\\\/meie-teenused\\\/#breadcrumb\"},\"inLanguage\":\"en-US\",\"potentialAction\":[{\"@type\":\"ReadAction\",\"target\":[\"https:\\\/\\\/shop.hoiamed.ee\\\/en\\\/meie-teenused\\\/\"]}]},{\"@type\":\"ImageObject\",\"inLanguage\":\"en-US\",\"@id\":\"https:\\\/\\\/shop.hoiamed.ee\\\/en\\\/meie-teenused\\\/#primaryimage\",\"url\":\"https:\\\/\\\/shop.hoiamed.ee\\\/wp-content\\\/uploads\\\/2021\\\/04\\\/3a.png\",\"contentUrl\":\"https:\\\/\\\/shop.hoiamed.ee\\\/wp-content\\\/uploads\\\/2021\\\/04\\\/3a.png\"},{\"@type\":\"BreadcrumbList\",\"@id\":\"https:\\\/\\\/shop.hoiamed.ee\\\/en\\\/meie-teenused\\\/#breadcrumb\",\"itemListElement\":[{\"@type\":\"ListItem\",\"position\":1,\"name\":\"Home\",\"item\":\"https:\\\/\\\/shop.hoiamed.ee\\\/en\\\/\"},{\"@type\":\"ListItem\",\"position\":2,\"name\":\"Meie teenused\"}]},{\"@type\":\"WebSite\",\"@id\":\"https:\\\/\\\/shop.hoiamed.ee\\\/#website\",\"url\":\"https:\\\/\\\/shop.hoiamed.ee\\\/\",\"name\":\"Hoiamed\",\"description\":\"\",\"publisher\":{\"@id\":\"https:\\\/\\\/shop.hoiamed.ee\\\/#organization\"},\"potentialAction\":[{\"@type\":\"SearchAction\",\"target\":{\"@type\":\"EntryPoint\",\"urlTemplate\":\"https:\\\/\\\/shop.hoiamed.ee\\\/?s={search_term_string}\"},\"query-input\":{\"@type\":\"PropertyValueSpecification\",\"valueRequired\":true,\"valueName\":\"search_term_string\"}}],\"inLanguage\":\"en-US\"},{\"@type\":\"Organization\",\"@id\":\"https:\\\/\\\/shop.hoiamed.ee\\\/#organization\",\"name\":\"Hoiamed\",\"url\":\"https:\\\/\\\/shop.hoiamed.ee\\\/\",\"logo\":{\"@type\":\"ImageObject\",\"inLanguage\":\"en-US\",\"@id\":\"https:\\\/\\\/shop.hoiamed.ee\\\/#\\\/schema\\\/logo\\\/image\\\/\",\"url\":\"https:\\\/\\\/shop.hoiamed.ee\\\/wp-content\\\/uploads\\\/2021\\\/04\\\/Hoiamed.png\",\"contentUrl\":\"https:\\\/\\\/shop.hoiamed.ee\\\/wp-content\\\/uploads\\\/2021\\\/04\\\/Hoiamed.png\",\"width\":300,\"height\":193,\"caption\":\"Hoiamed\"},\"image\":{\"@id\":\"https:\\\/\\\/shop.hoiamed.ee\\\/#\\\/schema\\\/logo\\\/image\\\/\"},\"sameAs\":[\"https:\\\/\\\/www.facebook.com\\\/Hoiamed\",\"https:\\\/\\\/www.instagram.com\\\/hoiamed.ee\"]}]}<\/script>\n<!-- \/ Yoast SEO plugin. -->","yoast_head_json":{"title":"Meie teenused - Hoiamed","robots":{"index":"index","follow":"follow","max-snippet":"max-snippet:-1","max-image-preview":"max-image-preview:large","max-video-preview":"max-video-preview:-1"},"canonical":"https:\/\/shop.hoiamed.ee\/en\/meie-teenused\/","og_locale":"en_US","og_type":"article","og_title":"Meie teenused - Hoiamed","og_description":"meie TEENUSED Kirjutage meile\u00a0info@shop.hoiamed.ee &nbsp;\u00dclevaatlik turuanal\u00fc\u00fcs Turuanal\u00fc\u00fcs on k\u00f5ige lihtsam vahend enda \u00e4ri positsioneerimiseks turul nii, et olla konkurentsiv\u00f5imeline ning j\u00f5uda vajalike sihtgruppideni. Me pooldame turu\u00fclevaadet, mis on konkreetne, mille p\u00f5hjal saab teha lihtsaid strateegilisi otsuseid ning seada realistlikke eesm\u00e4rke. Olulised m\u00e4rks\u00f5nad: valdkondlik \u00fclevaade, seotud valdkondlikud organisatsioonid, konkureerivad ettev\u00f5tted ja tooted, hinnad ja hinnastamine, k\u00f5ige [&hellip;]","og_url":"https:\/\/shop.hoiamed.ee\/en\/meie-teenused\/","og_site_name":"Hoiamed","article_publisher":"https:\/\/www.facebook.com\/Hoiamed","og_image":[{"url":"https:\/\/shop.hoiamed.ee\/wp-content\/uploads\/2021\/04\/3a.png","type":"","width":"","height":""}],"twitter_card":"summary_large_image","twitter_misc":{"Est. reading time":"3 minutes"},"schema":{"@context":"https:\/\/schema.org","@graph":[{"@type":"WebPage","@id":"https:\/\/shop.hoiamed.ee\/en\/meie-teenused\/","url":"https:\/\/shop.hoiamed.ee\/en\/meie-teenused\/","name":"Meie teenused - Hoiamed","isPartOf":{"@id":"https:\/\/shop.hoiamed.ee\/#website"},"primaryImageOfPage":{"@id":"https:\/\/shop.hoiamed.ee\/en\/meie-teenused\/#primaryimage"},"image":{"@id":"https:\/\/shop.hoiamed.ee\/en\/meie-teenused\/#primaryimage"},"thumbnailUrl":"https:\/\/shop.hoiamed.ee\/wp-content\/uploads\/2021\/04\/3a.png","datePublished":"2022-11-14T08:11:32+00:00","breadcrumb":{"@id":"https:\/\/shop.hoiamed.ee\/en\/meie-teenused\/#breadcrumb"},"inLanguage":"en-US","potentialAction":[{"@type":"ReadAction","target":["https:\/\/shop.hoiamed.ee\/en\/meie-teenused\/"]}]},{"@type":"ImageObject","inLanguage":"en-US","@id":"https:\/\/shop.hoiamed.ee\/en\/meie-teenused\/#primaryimage","url":"https:\/\/shop.hoiamed.ee\/wp-content\/uploads\/2021\/04\/3a.png","contentUrl":"https:\/\/shop.hoiamed.ee\/wp-content\/uploads\/2021\/04\/3a.png"},{"@type":"BreadcrumbList","@id":"https:\/\/shop.hoiamed.ee\/en\/meie-teenused\/#breadcrumb","itemListElement":[{"@type":"ListItem","position":1,"name":"Home","item":"https:\/\/shop.hoiamed.ee\/en\/"},{"@type":"ListItem","position":2,"name":"Meie teenused"}]},{"@type":"WebSite","@id":"https:\/\/shop.hoiamed.ee\/#website","url":"https:\/\/shop.hoiamed.ee\/","name":"Hoiamed","description":"","publisher":{"@id":"https:\/\/shop.hoiamed.ee\/#organization"},"potentialAction":[{"@type":"SearchAction","target":{"@type":"EntryPoint","urlTemplate":"https:\/\/shop.hoiamed.ee\/?s={search_term_string}"},"query-input":{"@type":"PropertyValueSpecification","valueRequired":true,"valueName":"search_term_string"}}],"inLanguage":"en-US"},{"@type":"Organization","@id":"https:\/\/shop.hoiamed.ee\/#organization","name":"Hoiamed","url":"https:\/\/shop.hoiamed.ee\/","logo":{"@type":"ImageObject","inLanguage":"en-US","@id":"https:\/\/shop.hoiamed.ee\/#\/schema\/logo\/image\/","url":"https:\/\/shop.hoiamed.ee\/wp-content\/uploads\/2021\/04\/Hoiamed.png","contentUrl":"https:\/\/shop.hoiamed.ee\/wp-content\/uploads\/2021\/04\/Hoiamed.png","width":300,"height":193,"caption":"Hoiamed"},"image":{"@id":"https:\/\/shop.hoiamed.ee\/#\/schema\/logo\/image\/"},"sameAs":["https:\/\/www.facebook.com\/Hoiamed","https:\/\/www.instagram.com\/hoiamed.ee"]}]}},"_links":{"self":[{"href":"https:\/\/shop.hoiamed.ee\/en\/wp-json\/wp\/v2\/pages\/8840","targetHints":{"allow":["GET"]}}],"collection":[{"href":"https:\/\/shop.hoiamed.ee\/en\/wp-json\/wp\/v2\/pages"}],"about":[{"href":"https:\/\/shop.hoiamed.ee\/en\/wp-json\/wp\/v2\/types\/page"}],"author":[{"embeddable":true,"href":"https:\/\/shop.hoiamed.ee\/en\/wp-json\/wp\/v2\/users\/2"}],"replies":[{"embeddable":true,"href":"https:\/\/shop.hoiamed.ee\/en\/wp-json\/wp\/v2\/comments?post=8840"}],"version-history":[{"count":0,"href":"https:\/\/shop.hoiamed.ee\/en\/wp-json\/wp\/v2\/pages\/8840\/revisions"}],"wp:attachment":[{"href":"https:\/\/shop.hoiamed.ee\/en\/wp-json\/wp\/v2\/media?parent=8840"}],"curies":[{"name":"wp","href":"https:\/\/api.w.org\/{rel}","templated":true}]}}